{"id":384,"date":"2025-03-27T06:42:42","date_gmt":"2025-03-27T05:42:42","guid":{"rendered":"https:\/\/malteriaarbequina.com\/?page_id=384"},"modified":"2025-04-08T13:20:26","modified_gmt":"2025-04-08T11:20:26","slug":"politica-de-privacitat","status":"publish","type":"page","link":"https:\/\/malteriaarbequina.com\/ca\/politica-de-privacitat\/","title":{"rendered":"Pol\u00edtica de privacitat"},"content":{"rendered":"\t\t<div data-elementor-type=\"wp-page\" data-elementor-id=\"384\" class=\"elementor elementor-384 elementor-12\" data-elementor-post-type=\"page\">\n\t\t\t\t<div class=\"elementor-element elementor-element-8d0e20a e-flex e-con-boxed e-con e-parent\" data-id=\"8d0e20a\" data-element_type=\"container\" data-e-type=\"container\">\n\t\t\t\t\t<div class=\"e-con-inner\">\n\t\t<div class=\"elementor-element elementor-element-6291085 e-con-full e-flex e-con e-child\" data-id=\"6291085\" data-element_type=\"container\" data-e-type=\"container\">\n\t\t\t\t<div class=\"elementor-element elementor-element-bbc274a elementor-widget elementor-widget-image\" data-id=\"bbc274a\" data-element_type=\"widget\" data-e-type=\"widget\" data-widget_type=\"image.default\">\n\t\t\t\t<div class=\"elementor-widget-container\">\n\t\t\t\t\t\t\t\t\t\t\t\t\t\t\t<img decoding=\"async\" width=\"28\" height=\"27\" src=\"https:\/\/malteriaarbequina.com\/wp-content\/uploads\/2025\/04\/senefa_3.png\" class=\"attachment-large size-large wp-image-351\" alt=\"\" \/>\t\t\t\t\t\t\t\t\t\t\t\t\t\t\t<\/div>\n\t\t\t\t<\/div>\n\t\t\t\t<div class=\"elementor-element elementor-element-e33e387 elementor-widget elementor-widget-heading\" data-id=\"e33e387\" data-element_type=\"widget\" data-e-type=\"widget\" data-widget_type=\"heading.default\">\n\t\t\t\t<div class=\"elementor-widget-container\">\n\t\t\t\t\t<h1 class=\"elementor-heading-title elementor-size-default\">Pol\u00edtica de privacitat<\/h1>\t\t\t\t<\/div>\n\t\t\t\t<\/div>\n\t\t\t\t<\/div>\n\t\t\t\t<div class=\"elementor-element elementor-element-00f102b elementor-widget elementor-widget-text-editor\" data-id=\"00f102b\" data-element_type=\"widget\" data-e-type=\"widget\" data-widget_type=\"text-editor.default\">\n\t\t\t\t<div class=\"elementor-widget-container\">\n\t\t\t\t\t\t\t\t\t<h3><strong>INFORMACI\u00d3 A L\u2019USUARI<\/strong><\/h3><p>ARBEQUINA I SECCIO DE CREDIT SCCL, d\u2019ara endavant RESPONSABLE, \u00e9s el responsable de l\u2019tractament de les dades personals de l\u2019Usuari i l\u2019informa que aquestes dades seran tractades de conformitat amb el que disposen les normatives vigents en protecci\u00f3 de dades personals, el Reglament (UE) 2016\/679 de 27 d\u2019abril de 2016 (GDPR) relatiu a la protecci\u00f3 de les persones f\u00edsiques pel que fa a el tractament de dades personals ia la lliure circulaci\u00f3 d\u2019aquestes dades, per la qual cosa li facilita la seg\u00fcent informaci\u00f3 de l\u2019tractament:<\/p><p>Fi de l\u2019tractament: mantenir una relaci\u00f3 comercial amb l\u2019Usuari. Les operacions previstes per realitzar el tractament s\u00f3n:<\/p><p>Remissi\u00f3 de comunicacions comercials publicit\u00e0ries per e-mail, fax, SMS, MMS, comunitats socials o qualsevol altre mitj\u00e0 electr\u00f2nic o f\u00edsic, present o futur, que possibiliti realitzar comunicacions comercials, sempre que hagi estat autoritzades pr\u00e8viament. Aquestes comunicacions seran realitzades pel RESPONSABLE i relacionades sobre els seus productes i serveis, o dels seus col\u00b7laboradors o prove\u00efdors amb els que aquest hagi arribat a algun acord de promoci\u00f3. En aquest cas, els tercers mai tindran acc\u00e9s a les dades personals.<br \/>Realitzar estudis estad\u00edstics.<br \/>Tramitar enc\u00e0rrecs de peticions o qualsevol tipus de petici\u00f3 que sigui realitzada per l\u2019usuari a trav\u00e9s de qualsevol de les formes de contacte que es posen a la seva disposici\u00f3.<br \/>Remetre el butllet\u00ed de not\u00edcies de la p\u00e0gina web.<\/p><p>Criteris de conservaci\u00f3 de les dades: es conservaran mentre hi hagi un inter\u00e8s mutu per mantenir el cap de l\u2019tractament i quan ja no sigui necessari per a tal fi, es suprimiran amb mesures de seguretat adequades per garantir la pseudonimizaci\u00f3n de les dades o la destrucci\u00f3 total dels mateixos.<\/p><p>Comunicaci\u00f3 de les dades: No es comunicaran les dades a tercers, excepte obligaci\u00f3 legal.<\/p><p>Drets que assisteixen a l\u2019Usuari:<\/p><p>Dret a retirar el consentiment en qualsevol moment.<br \/>Dret d\u2019acc\u00e9s, rectificaci\u00f3, portabilitat i supressi\u00f3 de les seves dades i de la limitaci\u00f3 o oposici\u00f3 a l\u2019el seu tractament.<br \/>Dret a presentar una reclamaci\u00f3 davant l\u2019autoritat de control (www.aepd.es.) si considera que el tractament no s\u2019ajusta a la normativa vigent.<\/p><p>Dades de contacte per exercir els seus drets:<br \/>ARBEQUINA I SECCIO DE CREDIT SCCL<br \/>Adre\u00e7a postal: C \/ SANTIAGO ROSSINYOL S \/ N 25140 ARBECA (LLEIDA)<br \/>Correu electr\u00f2nic: info@malteriaarbequinaj.com<\/p><h3><strong>CAR\u00c0CTER OBLIGATORI O FACULTATIU DE LA INFORMACI\u00d3 FACILITADA PER L\u2019USUARI<\/strong><\/h3><p>Els Usuaris, mitjan\u00e7ant la marcaci\u00f3 de les caselles corresponents i entrada de dades en els camps, marcats amb un asterisc (*) en el formulari de contacte o presentats en formularis de desc\u00e0rrega, accepten expressament i de forma lliure i inequ\u00edvoca, que les seves dades s\u00f3n necessaris per atendre la seva petici\u00f3, per part de prestador, sent volunt\u00e0ria la inclusi\u00f3 de dades en els camps restants. L\u2019Usuari garanteix que les dades personals facilitades a l\u2019RESPONSABLE s\u00f3n veraces i es fa responsable de comunicar qualsevol modificaci\u00f3 de les mateixes.<\/p><p>El RESPONSABLE informa i garanteix expressament als usuaris que les seves dades personals no seran cedides en cap cas a tercers, i que sempre que realitzar\u00e0 algun tipus de cessi\u00f3 de dades personals, es demanar\u00e0 pr\u00e8viament el consentiment expr\u00e9s, informat i inequ\u00edvoc per part dels Usuaris. Totes les dades sol\u00b7licitades a trav\u00e9s del lloc web s\u00f3n obligatoris, ja que s\u00f3n necessaris per a la prestaci\u00f3 d\u2019un servei \u00f2ptim a l\u2019usuari. En cas que no siguin facilitades totes les dades, no es garanteix que la informaci\u00f3 i serveis facilitats siguin completament ajustats a les seves necessitats.<\/p><h3><strong>MESURES DE SEGURETAT<\/strong><\/h3><p>Que de conformitat amb el que disposen les normatives vigents en protecci\u00f3 de dades personals, el RESPONSABLE est\u00e0 complint amb totes les disposicions de les normatives GDPR per al tractament de les dades personals de la seva responsabilitat, i manifestament amb els principis descrits en l\u2019article 5 de l\u2019 GDPR, pels quals s\u00f3n tractats de manera l\u00edcita, lleial i transparent en relaci\u00f3 amb l\u2019interessat i adequades, pertinents i limitats al que \u00e9s necessari en relaci\u00f3 amb els fins per als quals s\u00f3n tractats.<\/p><p>El RESPONSABLE garanteix que ha implementat pol\u00edtiques t\u00e8cniques i organitzatives apropiades per aplicar les mesures de seguretat que estableixen el GDPR per tal de protegir els drets i llibertats dels Usuaris i els ha comunicat la informaci\u00f3 adequada perqu\u00e8 puguin exercir-los.<\/p>\t\t\t\t\t\t\t\t<\/div>\n\t\t\t\t<\/div>\n\t\t\t\t\t<\/div>\n\t\t\t\t<\/div>\n\t\t\t\t<\/div>\n\t\t","protected":false},"excerpt":{"rendered":"<p>INFORMACI\u00d3 A L\u2019USUARI ARBEQUINA I SECCIO DE CREDIT SCCL, d\u2019ara endavant RESPONSABLE, \u00e9s el responsable de l\u2019tractament de les dades personals de l\u2019Usuari i l\u2019informa que aquestes dades seran tractades de conformitat amb el que disposen les normatives vigents en protecci\u00f3 de dades personals, el Reglament (UE) 2016\/679 de 27 d\u2019abril de 2016 (GDPR) relatiu [&hellip;]<\/p>\n","protected":false},"author":1,"featured_media":0,"parent":0,"menu_order":0,"comment_status":"closed","ping_status":"closed","template":"","meta":{"_monsterinsights_skip_tracking":false,"_monsterinsights_sitenote_active":false,"_monsterinsights_sitenote_note":"","_monsterinsights_sitenote_category":0,"footnotes":""},"class_list":["post-384","page","type-page","status-publish","hentry"],"yoast_head":"<!-- This site is optimized with the Yoast SEO plugin v27.4 - https:\/\/yoast.com\/product\/yoast-seo-wordpress\/ -->\n<title>Pol\u00edtica de privacitat - Malteria Arbequina<\/title>\n<meta name=\"robots\" content=\"index, follow, max-snippet:-1, max-image-preview:large, max-video-preview:-1\" \/>\n<link rel=\"canonical\" href=\"https:\/\/malteriaarbequina.com\/ca\/politica-de-privacitat\/\" \/>\n<meta property=\"og:locale\" content=\"ca_ES\" \/>\n<meta property=\"og:type\" content=\"article\" \/>\n<meta property=\"og:title\" content=\"Pol\u00edtica de privacitat - Malteria Arbequina\" \/>\n<meta property=\"og:description\" content=\"INFORMACI\u00d3 A L\u2019USUARI ARBEQUINA I SECCIO DE CREDIT SCCL, d\u2019ara endavant RESPONSABLE, \u00e9s el responsable de l\u2019tractament de les dades personals de l\u2019Usuari i l\u2019informa que aquestes dades seran tractades de conformitat amb el que disposen les normatives vigents en protecci\u00f3 de dades personals, el Reglament (UE) 2016\/679 de 27 d\u2019abril de 2016 (GDPR) relatiu [&hellip;]\" \/>\n<meta property=\"og:url\" content=\"https:\/\/malteriaarbequina.com\/ca\/politica-de-privacitat\/\" \/>\n<meta property=\"og:site_name\" content=\"Malteria Arbequina\" \/>\n<meta property=\"article:modified_time\" content=\"2025-04-08T11:20:26+00:00\" \/>\n<meta property=\"og:image\" content=\"https:\/\/malteriaarbequina.com\/wp-content\/uploads\/2025\/04\/senefa_3.png\" \/>\n\t<meta property=\"og:image:width\" content=\"28\" \/>\n\t<meta property=\"og:image:height\" content=\"27\" \/>\n\t<meta property=\"og:image:type\" content=\"image\/png\" \/>\n<meta name=\"twitter:card\" content=\"summary_large_image\" \/>\n<meta name=\"twitter:label1\" content=\"Temps estimat de lectura\" \/>\n\t<meta name=\"twitter:data1\" content=\"4 minuts\" \/>\n<script type=\"application\/ld+json\" class=\"yoast-schema-graph\">{\"@context\":\"https:\\\/\\\/schema.org\",\"@graph\":[{\"@type\":\"WebPage\",\"@id\":\"https:\\\/\\\/malteriaarbequina.com\\\/ca\\\/politica-de-privacitat\\\/\",\"url\":\"https:\\\/\\\/malteriaarbequina.com\\\/ca\\\/politica-de-privacitat\\\/\",\"name\":\"Pol\u00edtica de privacitat - Malteria Arbequina\",\"isPartOf\":{\"@id\":\"https:\\\/\\\/malteriaarbequina.com\\\/ca\\\/#website\"},\"primaryImageOfPage\":{\"@id\":\"https:\\\/\\\/malteriaarbequina.com\\\/ca\\\/politica-de-privacitat\\\/#primaryimage\"},\"image\":{\"@id\":\"https:\\\/\\\/malteriaarbequina.com\\\/ca\\\/politica-de-privacitat\\\/#primaryimage\"},\"thumbnailUrl\":\"https:\\\/\\\/malteriaarbequina.com\\\/wp-content\\\/uploads\\\/2025\\\/04\\\/senefa_3.png\",\"datePublished\":\"2025-03-27T05:42:42+00:00\",\"dateModified\":\"2025-04-08T11:20:26+00:00\",\"breadcrumb\":{\"@id\":\"https:\\\/\\\/malteriaarbequina.com\\\/ca\\\/politica-de-privacitat\\\/#breadcrumb\"},\"inLanguage\":\"ca\",\"potentialAction\":[{\"@type\":\"ReadAction\",\"target\":[\"https:\\\/\\\/malteriaarbequina.com\\\/ca\\\/politica-de-privacitat\\\/\"]}]},{\"@type\":\"ImageObject\",\"inLanguage\":\"ca\",\"@id\":\"https:\\\/\\\/malteriaarbequina.com\\\/ca\\\/politica-de-privacitat\\\/#primaryimage\",\"url\":\"https:\\\/\\\/malteriaarbequina.com\\\/wp-content\\\/uploads\\\/2025\\\/04\\\/senefa_3.png\",\"contentUrl\":\"https:\\\/\\\/malteriaarbequina.com\\\/wp-content\\\/uploads\\\/2025\\\/04\\\/senefa_3.png\"},{\"@type\":\"BreadcrumbList\",\"@id\":\"https:\\\/\\\/malteriaarbequina.com\\\/ca\\\/politica-de-privacitat\\\/#breadcrumb\",\"itemListElement\":[{\"@type\":\"ListItem\",\"position\":1,\"name\":\"Portada\",\"item\":\"https:\\\/\\\/malteriaarbequina.com\\\/ca\\\/\"},{\"@type\":\"ListItem\",\"position\":2,\"name\":\"Pol\u00edtica de privacitat\"}]},{\"@type\":\"WebSite\",\"@id\":\"https:\\\/\\\/malteriaarbequina.com\\\/ca\\\/#website\",\"url\":\"https:\\\/\\\/malteriaarbequina.com\\\/ca\\\/\",\"name\":\"Malteria Arbequina\",\"description\":\"Malta artesana para artesanos\",\"publisher\":{\"@id\":\"https:\\\/\\\/malteriaarbequina.com\\\/ca\\\/#organization\"},\"potentialAction\":[{\"@type\":\"SearchAction\",\"target\":{\"@type\":\"EntryPoint\",\"urlTemplate\":\"https:\\\/\\\/malteriaarbequina.com\\\/ca\\\/?s={search_term_string}\"},\"query-input\":{\"@type\":\"PropertyValueSpecification\",\"valueRequired\":true,\"valueName\":\"search_term_string\"}}],\"inLanguage\":\"ca\"},{\"@type\":\"Organization\",\"@id\":\"https:\\\/\\\/malteriaarbequina.com\\\/ca\\\/#organization\",\"name\":\"Malteria Arbequina\",\"url\":\"https:\\\/\\\/malteriaarbequina.com\\\/ca\\\/\",\"logo\":{\"@type\":\"ImageObject\",\"inLanguage\":\"ca\",\"@id\":\"https:\\\/\\\/malteriaarbequina.com\\\/ca\\\/#\\\/schema\\\/logo\\\/image\\\/\",\"url\":\"https:\\\/\\\/malteriaarbequina.com\\\/wp-content\\\/uploads\\\/2025\\\/04\\\/logo-malteria.png\",\"contentUrl\":\"https:\\\/\\\/malteriaarbequina.com\\\/wp-content\\\/uploads\\\/2025\\\/04\\\/logo-malteria.png\",\"width\":1149,\"height\":686,\"caption\":\"Malteria Arbequina\"},\"image\":{\"@id\":\"https:\\\/\\\/malteriaarbequina.com\\\/ca\\\/#\\\/schema\\\/logo\\\/image\\\/\"}}]}<\/script>\n<!-- \/ Yoast SEO plugin. -->","yoast_head_json":{"title":"Pol\u00edtica de privacitat - Malteria Arbequina","robots":{"index":"index","follow":"follow","max-snippet":"max-snippet:-1","max-image-preview":"max-image-preview:large","max-video-preview":"max-video-preview:-1"},"canonical":"https:\/\/malteriaarbequina.com\/ca\/politica-de-privacitat\/","og_locale":"ca_ES","og_type":"article","og_title":"Pol\u00edtica de privacitat - Malteria Arbequina","og_description":"INFORMACI\u00d3 A L\u2019USUARI ARBEQUINA I SECCIO DE CREDIT SCCL, d\u2019ara endavant RESPONSABLE, \u00e9s el responsable de l\u2019tractament de les dades personals de l\u2019Usuari i l\u2019informa que aquestes dades seran tractades de conformitat amb el que disposen les normatives vigents en protecci\u00f3 de dades personals, el Reglament (UE) 2016\/679 de 27 d\u2019abril de 2016 (GDPR) relatiu [&hellip;]","og_url":"https:\/\/malteriaarbequina.com\/ca\/politica-de-privacitat\/","og_site_name":"Malteria Arbequina","article_modified_time":"2025-04-08T11:20:26+00:00","og_image":[{"width":28,"height":27,"url":"https:\/\/malteriaarbequina.com\/wp-content\/uploads\/2025\/04\/senefa_3.png","type":"image\/png"}],"twitter_card":"summary_large_image","twitter_misc":{"Temps estimat de lectura":"4 minuts"},"schema":{"@context":"https:\/\/schema.org","@graph":[{"@type":"WebPage","@id":"https:\/\/malteriaarbequina.com\/ca\/politica-de-privacitat\/","url":"https:\/\/malteriaarbequina.com\/ca\/politica-de-privacitat\/","name":"Pol\u00edtica de privacitat - Malteria Arbequina","isPartOf":{"@id":"https:\/\/malteriaarbequina.com\/ca\/#website"},"primaryImageOfPage":{"@id":"https:\/\/malteriaarbequina.com\/ca\/politica-de-privacitat\/#primaryimage"},"image":{"@id":"https:\/\/malteriaarbequina.com\/ca\/politica-de-privacitat\/#primaryimage"},"thumbnailUrl":"https:\/\/malteriaarbequina.com\/wp-content\/uploads\/2025\/04\/senefa_3.png","datePublished":"2025-03-27T05:42:42+00:00","dateModified":"2025-04-08T11:20:26+00:00","breadcrumb":{"@id":"https:\/\/malteriaarbequina.com\/ca\/politica-de-privacitat\/#breadcrumb"},"inLanguage":"ca","potentialAction":[{"@type":"ReadAction","target":["https:\/\/malteriaarbequina.com\/ca\/politica-de-privacitat\/"]}]},{"@type":"ImageObject","inLanguage":"ca","@id":"https:\/\/malteriaarbequina.com\/ca\/politica-de-privacitat\/#primaryimage","url":"https:\/\/malteriaarbequina.com\/wp-content\/uploads\/2025\/04\/senefa_3.png","contentUrl":"https:\/\/malteriaarbequina.com\/wp-content\/uploads\/2025\/04\/senefa_3.png"},{"@type":"BreadcrumbList","@id":"https:\/\/malteriaarbequina.com\/ca\/politica-de-privacitat\/#breadcrumb","itemListElement":[{"@type":"ListItem","position":1,"name":"Portada","item":"https:\/\/malteriaarbequina.com\/ca\/"},{"@type":"ListItem","position":2,"name":"Pol\u00edtica de privacitat"}]},{"@type":"WebSite","@id":"https:\/\/malteriaarbequina.com\/ca\/#website","url":"https:\/\/malteriaarbequina.com\/ca\/","name":"Malteria Arbequina","description":"Malta artesana para artesanos","publisher":{"@id":"https:\/\/malteriaarbequina.com\/ca\/#organization"},"potentialAction":[{"@type":"SearchAction","target":{"@type":"EntryPoint","urlTemplate":"https:\/\/malteriaarbequina.com\/ca\/?s={search_term_string}"},"query-input":{"@type":"PropertyValueSpecification","valueRequired":true,"valueName":"search_term_string"}}],"inLanguage":"ca"},{"@type":"Organization","@id":"https:\/\/malteriaarbequina.com\/ca\/#organization","name":"Malteria Arbequina","url":"https:\/\/malteriaarbequina.com\/ca\/","logo":{"@type":"ImageObject","inLanguage":"ca","@id":"https:\/\/malteriaarbequina.com\/ca\/#\/schema\/logo\/image\/","url":"https:\/\/malteriaarbequina.com\/wp-content\/uploads\/2025\/04\/logo-malteria.png","contentUrl":"https:\/\/malteriaarbequina.com\/wp-content\/uploads\/2025\/04\/logo-malteria.png","width":1149,"height":686,"caption":"Malteria Arbequina"},"image":{"@id":"https:\/\/malteriaarbequina.com\/ca\/#\/schema\/logo\/image\/"}}]}},"_links":{"self":[{"href":"https:\/\/malteriaarbequina.com\/ca\/wp-json\/wp\/v2\/pages\/384","targetHints":{"allow":["GET"]}}],"collection":[{"href":"https:\/\/malteriaarbequina.com\/ca\/wp-json\/wp\/v2\/pages"}],"about":[{"href":"https:\/\/malteriaarbequina.com\/ca\/wp-json\/wp\/v2\/types\/page"}],"author":[{"embeddable":true,"href":"https:\/\/malteriaarbequina.com\/ca\/wp-json\/wp\/v2\/users\/1"}],"replies":[{"embeddable":true,"href":"https:\/\/malteriaarbequina.com\/ca\/wp-json\/wp\/v2\/comments?post=384"}],"version-history":[{"count":4,"href":"https:\/\/malteriaarbequina.com\/ca\/wp-json\/wp\/v2\/pages\/384\/revisions"}],"predecessor-version":[{"id":428,"href":"https:\/\/malteriaarbequina.com\/ca\/wp-json\/wp\/v2\/pages\/384\/revisions\/428"}],"wp:attachment":[{"href":"https:\/\/malteriaarbequina.com\/ca\/wp-json\/wp\/v2\/media?parent=384"}],"curies":[{"name":"wp","href":"https:\/\/api.w.org\/{rel}","templated":true}]}}