{"id":386,"date":"2025-04-07T12:49:13","date_gmt":"2025-04-07T10:49:13","guid":{"rendered":"https:\/\/malteriaarbequina.com\/?page_id=386"},"modified":"2025-09-22T07:08:37","modified_gmt":"2025-09-22T05:08:37","slug":"qui-som","status":"publish","type":"page","link":"https:\/\/malteriaarbequina.com\/ca\/qui-som\/","title":{"rendered":"Qui som"},"content":{"rendered":"\t\t<div data-elementor-type=\"wp-page\" data-elementor-id=\"386\" class=\"elementor elementor-386 elementor-109\" data-elementor-post-type=\"page\">\n\t\t\t\t<div class=\"elementor-element elementor-element-0cb5b8c e-flex e-con-boxed e-con e-parent\" data-id=\"0cb5b8c\" data-element_type=\"container\" data-e-type=\"container\" data-settings=\"{&quot;background_background&quot;:&quot;classic&quot;}\">\n\t\t\t\t\t<div class=\"e-con-inner\">\n\t\t\t\t<div class=\"elementor-element elementor-element-b011588 elementor-widget elementor-widget-heading\" data-id=\"b011588\" data-element_type=\"widget\" data-e-type=\"widget\" data-widget_type=\"heading.default\">\n\t\t\t\t<div class=\"elementor-widget-container\">\n\t\t\t\t\t<h1 class=\"elementor-heading-title elementor-size-default\">qui<br>som<\/h1>\t\t\t\t<\/div>\n\t\t\t\t<\/div>\n\t\t\t\t\t<\/div>\n\t\t\t\t<\/div>\n\t\t<div class=\"elementor-element elementor-element-89d31e9 e-flex e-con-boxed e-con e-parent\" data-id=\"89d31e9\" data-element_type=\"container\" data-e-type=\"container\">\n\t\t\t\t\t<div class=\"e-con-inner\">\n\t\t\t\t<div class=\"elementor-element elementor-element-85ad613 elementor-widget elementor-widget-heading\" data-id=\"85ad613\" data-element_type=\"widget\" data-e-type=\"widget\" data-widget_type=\"heading.default\">\n\t\t\t\t<div class=\"elementor-widget-container\">\n\t\t\t\t\t<h3 class=\"elementor-heading-title elementor-size-default\">Cooperativa centenaria<\/h3>\t\t\t\t<\/div>\n\t\t\t\t<\/div>\n\t\t\t\t\t<\/div>\n\t\t\t\t<\/div>\n\t\t<div class=\"elementor-element elementor-element-449c383 e-flex e-con-boxed e-con e-parent\" data-id=\"449c383\" data-element_type=\"container\" data-e-type=\"container\">\n\t\t\t\t\t<div class=\"e-con-inner\">\n\t\t<div class=\"elementor-element elementor-element-1d1dca9 e-con-full e-flex e-con e-child\" data-id=\"1d1dca9\" data-element_type=\"container\" data-e-type=\"container\">\n\t\t\t\t<div class=\"elementor-element elementor-element-b234c8c elementor-widget elementor-widget-text-editor\" data-id=\"b234c8c\" data-element_type=\"widget\" data-e-type=\"widget\" data-widget_type=\"text-editor.default\">\n\t\t\t\t<div class=\"elementor-widget-container\">\n\t\t\t\t\t\t\t\t\t<p>A la <strong>Cooperativa Arbequina<\/strong> fa m\u00e9s de 100 anys que treballem la terra (des del 1919), amb l\u02bcesfor\u00e7 dels nostres m\u00e9s de<strong> 500 socis agricultors<\/strong>, que produeixen anualment unes <strong>6.000 tones de cereal<\/strong>. Amb aquesta experi\u00e8ncia a l\u02bcesquena, hem decidit fer un pas m\u00e9s i innovar en el m\u00f3n de la cervesa artesanal.<\/p>\t\t\t\t\t\t\t\t<\/div>\n\t\t\t\t<\/div>\n\t\t\t\t<\/div>\n\t\t<div class=\"elementor-element elementor-element-a1c15ff e-con-full e-flex e-con e-child\" data-id=\"a1c15ff\" data-element_type=\"container\" data-e-type=\"container\">\n\t\t\t\t<div class=\"elementor-element elementor-element-56fa611 elementor-widget elementor-widget-text-editor\" data-id=\"56fa611\" data-element_type=\"widget\" data-e-type=\"widget\" data-widget_type=\"text-editor.default\">\n\t\t\t\t<div class=\"elementor-widget-container\">\n\t\t\t\t\t\t\t\t\t<p>Per aix\u00f2, hem creat la <strong>Malteria Arbequina<\/strong>, on produirem maltes base d\u02bc<strong>ordi i<\/strong><br \/><strong>blat<\/strong>, amb una capacitat productiva prevista de <strong>1.000 tones anuals<\/strong>. Amb<br \/>aquesta nova aventura, volem seguir creixent i aportar valor al sector cerveser,<br \/>sempre amb la <strong>qualitat<\/strong> i el <strong>comprom\u00eds<\/strong> que ens caracteritza.<\/p>\t\t\t\t\t\t\t\t<\/div>\n\t\t\t\t<\/div>\n\t\t\t\t<\/div>\n\t\t\t\t\t<\/div>\n\t\t\t\t<\/div>\n\t\t<div class=\"elementor-element elementor-element-6b7beed e-flex e-con-boxed e-con e-parent\" data-id=\"6b7beed\" data-element_type=\"container\" data-e-type=\"container\">\n\t\t\t\t\t<div class=\"e-con-inner\">\n\t\t\t\t<div class=\"elementor-element elementor-element-7cdd92d elementor-widget elementor-widget-heading\" data-id=\"7cdd92d\" data-element_type=\"widget\" data-e-type=\"widget\" data-widget_type=\"heading.default\">\n\t\t\t\t<div class=\"elementor-widget-container\">\n\t\t\t\t\t<h3 class=\"elementor-heading-title elementor-size-default\">El mural<\/h3>\t\t\t\t<\/div>\n\t\t\t\t<\/div>\n\t\t<div class=\"elementor-element elementor-element-2498a46 e-con-full e-flex e-con e-child\" data-id=\"2498a46\" data-element_type=\"container\" data-e-type=\"container\">\n\t\t\t\t<div class=\"elementor-element elementor-element-48d2442 elementor-widget__width-inherit elementor-widget elementor-widget-image\" data-id=\"48d2442\" data-element_type=\"widget\" data-e-type=\"widget\" data-widget_type=\"image.default\">\n\t\t\t\t<div class=\"elementor-widget-container\">\n\t\t\t\t\t\t\t\t\t\t\t\t\t\t\t<img fetchpriority=\"high\" decoding=\"async\" width=\"882\" height=\"613\" src=\"https:\/\/malteriaarbequina.com\/wp-content\/uploads\/2025\/09\/mural-arbequina-malteria-1.png\" class=\"attachment-large size-large wp-image-875\" alt=\"\" srcset=\"https:\/\/malteriaarbequina.com\/wp-content\/uploads\/2025\/09\/mural-arbequina-malteria-1.png 882w, https:\/\/malteriaarbequina.com\/wp-content\/uploads\/2025\/09\/mural-arbequina-malteria-1-768x534.png 768w, https:\/\/malteriaarbequina.com\/wp-content\/uploads\/2025\/09\/mural-arbequina-malteria-1-24x17.png 24w, https:\/\/malteriaarbequina.com\/wp-content\/uploads\/2025\/09\/mural-arbequina-malteria-1-36x25.png 36w, https:\/\/malteriaarbequina.com\/wp-content\/uploads\/2025\/09\/mural-arbequina-malteria-1-48x33.png 48w, https:\/\/malteriaarbequina.com\/wp-content\/uploads\/2025\/09\/mural-arbequina-malteria-1-600x417.png 600w\" sizes=\"(max-width: 882px) 100vw, 882px\" \/>\t\t\t\t\t\t\t\t\t\t\t\t\t\t\t<\/div>\n\t\t\t\t<\/div>\n\t\t\t\t<div class=\"elementor-element elementor-element-9e448fe elementor-widget__width-inherit elementor-widget elementor-widget-text-editor\" data-id=\"9e448fe\" data-element_type=\"widget\" data-e-type=\"widget\" data-widget_type=\"text-editor.default\">\n\t\t\t\t<div class=\"elementor-widget-container\">\n\t\t\t\t\t\t\t\t\t<p>La imatge de la nostra f\u00e0brica mostra un mural d&#8217;estil modernista, seguint la l\u00ednia de l&#8217;\u00e8poca de fundaci\u00f3 de la nostra Cooperativa el 1919.<\/p><p>Amb una escena buc\u00f2lica de collita, A la banda esquerra, es mostren unes figures mitol\u00f2giques, que aboquen llavors des d&#8217;un recipient, simbolitzant l&#8217;acte de la sembra i la fertilitat.<\/p><p>Aquestes llavors es dispersen a l&#8217;aire, adre\u00e7ant-se cap a la part dreta del mural.<\/p><p>Al centre i al fons, s&#8217;observen camps daurats d&#8217;ordi. L&#8217;ordi passa per diversos canvis de color al llarg del creixement, reflectint les diferents etapes del seu desenvolupament.<\/p><p>Hi ha un grup de pagesos asseguts a l&#8217;herba, treballant amb la collita, cosa que destaca la connexi\u00f3 entre la sembra i la recol\u00b7lecci\u00f3.<\/p><p>A la dreta, una dona vestida amb robes tradicionals i una diadema de fulles sost\u00e9 un gran trident agr\u00edcola. La seva postura ferma i la seva expressi\u00f3 serena la presenten com una figura protectora del camp, com una representaci\u00f3 de la deessa Ceres a la mitologia romana o un s\u00edmbol de la tasca agr\u00edcola.<\/p><p>El mural est\u00e0 emmarcat amb elements ornamentals modernistes, amb l\u00ednies corbes i detalls florals que recorden l&#8217;Art Nouveau. Els colors c\u00e0lids i harmoniosos, juntament amb la composici\u00f3 fluida, evoquen una sensaci\u00f3 de tradici\u00f3, prosperitat i connexi\u00f3 amb la terra.<\/p><p>A l&#8217;altra cara de la nau industrial, podem veure, el final d&#8217;aquesta collita i producci\u00f3, transformada a Cervesa, que \u00e9s la recompensa despr\u00e9s d&#8217;una llarga jornada de treball al camp.<\/p>\t\t\t\t\t\t\t\t<\/div>\n\t\t\t\t<\/div>\n\t\t\t\t<\/div>\n\t\t\t\t\t<\/div>\n\t\t\t\t<\/div>\n\t\t\t\t<\/div>\n\t\t","protected":false},"excerpt":{"rendered":"<p>quisom Cooperativa centenaria A la Cooperativa Arbequina fa m\u00e9s de 100 anys que treballem la terra (des del 1919), amb l\u02bcesfor\u00e7 dels nostres m\u00e9s de 500 socis agricultors, que produeixen anualment unes 6.000 tones de cereal. Amb aquesta experi\u00e8ncia a l\u02bcesquena, hem decidit fer un pas m\u00e9s i innovar en el m\u00f3n de la cervesa [&hellip;]<\/p>\n","protected":false},"author":1,"featured_media":0,"parent":0,"menu_order":0,"comment_status":"closed","ping_status":"closed","template":"","meta":{"_monsterinsights_skip_tracking":false,"_monsterinsights_sitenote_active":false,"_monsterinsights_sitenote_note":"","_monsterinsights_sitenote_category":0,"footnotes":""},"class_list":["post-386","page","type-page","status-publish","hentry"],"yoast_head":"<!-- This site is optimized with the Yoast SEO plugin v27.4 - https:\/\/yoast.com\/product\/yoast-seo-wordpress\/ -->\n<title>Qui som - Malteria Arbequina<\/title>\n<meta name=\"robots\" content=\"index, follow, max-snippet:-1, max-image-preview:large, max-video-preview:-1\" \/>\n<link rel=\"canonical\" href=\"https:\/\/malteriaarbequina.com\/ca\/qui-som\/\" \/>\n<meta property=\"og:locale\" content=\"ca_ES\" \/>\n<meta property=\"og:type\" content=\"article\" \/>\n<meta property=\"og:title\" content=\"Qui som - Malteria Arbequina\" \/>\n<meta property=\"og:description\" content=\"quisom Cooperativa centenaria A la Cooperativa Arbequina fa m\u00e9s de 100 anys que treballem la terra (des del 1919), amb l\u02bcesfor\u00e7 dels nostres m\u00e9s de 500 socis agricultors, que produeixen anualment unes 6.000 tones de cereal. Amb aquesta experi\u00e8ncia a l\u02bcesquena, hem decidit fer un pas m\u00e9s i innovar en el m\u00f3n de la cervesa [&hellip;]\" \/>\n<meta property=\"og:url\" content=\"https:\/\/malteriaarbequina.com\/ca\/qui-som\/\" \/>\n<meta property=\"og:site_name\" content=\"Malteria Arbequina\" \/>\n<meta property=\"article:modified_time\" content=\"2025-09-22T05:08:37+00:00\" \/>\n<meta property=\"og:image\" content=\"https:\/\/malteriaarbequina.com\/wp-content\/uploads\/2025\/09\/mural-arbequina-malteria-1.png\" \/>\n\t<meta property=\"og:image:width\" content=\"882\" \/>\n\t<meta property=\"og:image:height\" content=\"613\" \/>\n\t<meta property=\"og:image:type\" content=\"image\/png\" \/>\n<meta name=\"twitter:card\" content=\"summary_large_image\" \/>\n<meta name=\"twitter:label1\" content=\"Temps estimat de lectura\" \/>\n\t<meta name=\"twitter:data1\" content=\"3 minuts\" \/>\n<script type=\"application\/ld+json\" class=\"yoast-schema-graph\">{\"@context\":\"https:\\\/\\\/schema.org\",\"@graph\":[{\"@type\":\"WebPage\",\"@id\":\"https:\\\/\\\/malteriaarbequina.com\\\/ca\\\/qui-som\\\/\",\"url\":\"https:\\\/\\\/malteriaarbequina.com\\\/ca\\\/qui-som\\\/\",\"name\":\"Qui som - Malteria Arbequina\",\"isPartOf\":{\"@id\":\"https:\\\/\\\/malteriaarbequina.com\\\/ca\\\/#website\"},\"primaryImageOfPage\":{\"@id\":\"https:\\\/\\\/malteriaarbequina.com\\\/ca\\\/qui-som\\\/#primaryimage\"},\"image\":{\"@id\":\"https:\\\/\\\/malteriaarbequina.com\\\/ca\\\/qui-som\\\/#primaryimage\"},\"thumbnailUrl\":\"https:\\\/\\\/malteriaarbequina.com\\\/wp-content\\\/uploads\\\/2025\\\/09\\\/mural-arbequina-malteria-1.png\",\"datePublished\":\"2025-04-07T10:49:13+00:00\",\"dateModified\":\"2025-09-22T05:08:37+00:00\",\"breadcrumb\":{\"@id\":\"https:\\\/\\\/malteriaarbequina.com\\\/ca\\\/qui-som\\\/#breadcrumb\"},\"inLanguage\":\"ca\",\"potentialAction\":[{\"@type\":\"ReadAction\",\"target\":[\"https:\\\/\\\/malteriaarbequina.com\\\/ca\\\/qui-som\\\/\"]}]},{\"@type\":\"ImageObject\",\"inLanguage\":\"ca\",\"@id\":\"https:\\\/\\\/malteriaarbequina.com\\\/ca\\\/qui-som\\\/#primaryimage\",\"url\":\"https:\\\/\\\/malteriaarbequina.com\\\/wp-content\\\/uploads\\\/2025\\\/09\\\/mural-arbequina-malteria-1.png\",\"contentUrl\":\"https:\\\/\\\/malteriaarbequina.com\\\/wp-content\\\/uploads\\\/2025\\\/09\\\/mural-arbequina-malteria-1.png\"},{\"@type\":\"BreadcrumbList\",\"@id\":\"https:\\\/\\\/malteriaarbequina.com\\\/ca\\\/qui-som\\\/#breadcrumb\",\"itemListElement\":[{\"@type\":\"ListItem\",\"position\":1,\"name\":\"Portada\",\"item\":\"https:\\\/\\\/malteriaarbequina.com\\\/ca\\\/\"},{\"@type\":\"ListItem\",\"position\":2,\"name\":\"Qui som\"}]},{\"@type\":\"WebSite\",\"@id\":\"https:\\\/\\\/malteriaarbequina.com\\\/ca\\\/#website\",\"url\":\"https:\\\/\\\/malteriaarbequina.com\\\/ca\\\/\",\"name\":\"Malteria Arbequina\",\"description\":\"Malta artesana para artesanos\",\"publisher\":{\"@id\":\"https:\\\/\\\/malteriaarbequina.com\\\/ca\\\/#organization\"},\"potentialAction\":[{\"@type\":\"SearchAction\",\"target\":{\"@type\":\"EntryPoint\",\"urlTemplate\":\"https:\\\/\\\/malteriaarbequina.com\\\/ca\\\/?s={search_term_string}\"},\"query-input\":{\"@type\":\"PropertyValueSpecification\",\"valueRequired\":true,\"valueName\":\"search_term_string\"}}],\"inLanguage\":\"ca\"},{\"@type\":\"Organization\",\"@id\":\"https:\\\/\\\/malteriaarbequina.com\\\/ca\\\/#organization\",\"name\":\"Malteria Arbequina\",\"url\":\"https:\\\/\\\/malteriaarbequina.com\\\/ca\\\/\",\"logo\":{\"@type\":\"ImageObject\",\"inLanguage\":\"ca\",\"@id\":\"https:\\\/\\\/malteriaarbequina.com\\\/ca\\\/#\\\/schema\\\/logo\\\/image\\\/\",\"url\":\"https:\\\/\\\/malteriaarbequina.com\\\/wp-content\\\/uploads\\\/2025\\\/04\\\/logo-malteria.png\",\"contentUrl\":\"https:\\\/\\\/malteriaarbequina.com\\\/wp-content\\\/uploads\\\/2025\\\/04\\\/logo-malteria.png\",\"width\":1149,\"height\":686,\"caption\":\"Malteria Arbequina\"},\"image\":{\"@id\":\"https:\\\/\\\/malteriaarbequina.com\\\/ca\\\/#\\\/schema\\\/logo\\\/image\\\/\"}}]}<\/script>\n<!-- \/ Yoast SEO plugin. -->","yoast_head_json":{"title":"Qui som - Malteria Arbequina","robots":{"index":"index","follow":"follow","max-snippet":"max-snippet:-1","max-image-preview":"max-image-preview:large","max-video-preview":"max-video-preview:-1"},"canonical":"https:\/\/malteriaarbequina.com\/ca\/qui-som\/","og_locale":"ca_ES","og_type":"article","og_title":"Qui som - Malteria Arbequina","og_description":"quisom Cooperativa centenaria A la Cooperativa Arbequina fa m\u00e9s de 100 anys que treballem la terra (des del 1919), amb l\u02bcesfor\u00e7 dels nostres m\u00e9s de 500 socis agricultors, que produeixen anualment unes 6.000 tones de cereal. Amb aquesta experi\u00e8ncia a l\u02bcesquena, hem decidit fer un pas m\u00e9s i innovar en el m\u00f3n de la cervesa [&hellip;]","og_url":"https:\/\/malteriaarbequina.com\/ca\/qui-som\/","og_site_name":"Malteria Arbequina","article_modified_time":"2025-09-22T05:08:37+00:00","og_image":[{"width":882,"height":613,"url":"https:\/\/malteriaarbequina.com\/wp-content\/uploads\/2025\/09\/mural-arbequina-malteria-1.png","type":"image\/png"}],"twitter_card":"summary_large_image","twitter_misc":{"Temps estimat de lectura":"3 minuts"},"schema":{"@context":"https:\/\/schema.org","@graph":[{"@type":"WebPage","@id":"https:\/\/malteriaarbequina.com\/ca\/qui-som\/","url":"https:\/\/malteriaarbequina.com\/ca\/qui-som\/","name":"Qui som - Malteria Arbequina","isPartOf":{"@id":"https:\/\/malteriaarbequina.com\/ca\/#website"},"primaryImageOfPage":{"@id":"https:\/\/malteriaarbequina.com\/ca\/qui-som\/#primaryimage"},"image":{"@id":"https:\/\/malteriaarbequina.com\/ca\/qui-som\/#primaryimage"},"thumbnailUrl":"https:\/\/malteriaarbequina.com\/wp-content\/uploads\/2025\/09\/mural-arbequina-malteria-1.png","datePublished":"2025-04-07T10:49:13+00:00","dateModified":"2025-09-22T05:08:37+00:00","breadcrumb":{"@id":"https:\/\/malteriaarbequina.com\/ca\/qui-som\/#breadcrumb"},"inLanguage":"ca","potentialAction":[{"@type":"ReadAction","target":["https:\/\/malteriaarbequina.com\/ca\/qui-som\/"]}]},{"@type":"ImageObject","inLanguage":"ca","@id":"https:\/\/malteriaarbequina.com\/ca\/qui-som\/#primaryimage","url":"https:\/\/malteriaarbequina.com\/wp-content\/uploads\/2025\/09\/mural-arbequina-malteria-1.png","contentUrl":"https:\/\/malteriaarbequina.com\/wp-content\/uploads\/2025\/09\/mural-arbequina-malteria-1.png"},{"@type":"BreadcrumbList","@id":"https:\/\/malteriaarbequina.com\/ca\/qui-som\/#breadcrumb","itemListElement":[{"@type":"ListItem","position":1,"name":"Portada","item":"https:\/\/malteriaarbequina.com\/ca\/"},{"@type":"ListItem","position":2,"name":"Qui som"}]},{"@type":"WebSite","@id":"https:\/\/malteriaarbequina.com\/ca\/#website","url":"https:\/\/malteriaarbequina.com\/ca\/","name":"Malteria Arbequina","description":"Malta artesana para artesanos","publisher":{"@id":"https:\/\/malteriaarbequina.com\/ca\/#organization"},"potentialAction":[{"@type":"SearchAction","target":{"@type":"EntryPoint","urlTemplate":"https:\/\/malteriaarbequina.com\/ca\/?s={search_term_string}"},"query-input":{"@type":"PropertyValueSpecification","valueRequired":true,"valueName":"search_term_string"}}],"inLanguage":"ca"},{"@type":"Organization","@id":"https:\/\/malteriaarbequina.com\/ca\/#organization","name":"Malteria Arbequina","url":"https:\/\/malteriaarbequina.com\/ca\/","logo":{"@type":"ImageObject","inLanguage":"ca","@id":"https:\/\/malteriaarbequina.com\/ca\/#\/schema\/logo\/image\/","url":"https:\/\/malteriaarbequina.com\/wp-content\/uploads\/2025\/04\/logo-malteria.png","contentUrl":"https:\/\/malteriaarbequina.com\/wp-content\/uploads\/2025\/04\/logo-malteria.png","width":1149,"height":686,"caption":"Malteria Arbequina"},"image":{"@id":"https:\/\/malteriaarbequina.com\/ca\/#\/schema\/logo\/image\/"}}]}},"_links":{"self":[{"href":"https:\/\/malteriaarbequina.com\/ca\/wp-json\/wp\/v2\/pages\/386","targetHints":{"allow":["GET"]}}],"collection":[{"href":"https:\/\/malteriaarbequina.com\/ca\/wp-json\/wp\/v2\/pages"}],"about":[{"href":"https:\/\/malteriaarbequina.com\/ca\/wp-json\/wp\/v2\/types\/page"}],"author":[{"embeddable":true,"href":"https:\/\/malteriaarbequina.com\/ca\/wp-json\/wp\/v2\/users\/1"}],"replies":[{"embeddable":true,"href":"https:\/\/malteriaarbequina.com\/ca\/wp-json\/wp\/v2\/comments?post=386"}],"version-history":[{"count":7,"href":"https:\/\/malteriaarbequina.com\/ca\/wp-json\/wp\/v2\/pages\/386\/revisions"}],"predecessor-version":[{"id":879,"href":"https:\/\/malteriaarbequina.com\/ca\/wp-json\/wp\/v2\/pages\/386\/revisions\/879"}],"wp:attachment":[{"href":"https:\/\/malteriaarbequina.com\/ca\/wp-json\/wp\/v2\/media?parent=386"}],"curies":[{"name":"wp","href":"https:\/\/api.w.org\/{rel}","templated":true}]}}