{"id":850,"date":"2025-09-09T14:05:18","date_gmt":"2025-09-09T12:05:18","guid":{"rendered":"https:\/\/malteriaarbequina.com\/?page_id=850"},"modified":"2025-09-22T07:23:57","modified_gmt":"2025-09-22T05:23:57","slug":"fitxes-tecniques","status":"publish","type":"page","link":"https:\/\/malteriaarbequina.com\/ca\/fitxes-tecniques\/","title":{"rendered":"Fitxes t\u00e8cniques"},"content":{"rendered":"\t\t<div data-elementor-type=\"wp-page\" data-elementor-id=\"850\" class=\"elementor elementor-850 elementor-576\" data-elementor-post-type=\"page\">\n\t\t\t\t<div class=\"elementor-element elementor-element-7dfcd346 e-flex e-con-boxed e-con e-parent\" data-id=\"7dfcd346\" data-element_type=\"container\" data-e-type=\"container\">\n\t\t\t\t\t<div class=\"e-con-inner\">\n\t\t<div class=\"elementor-element elementor-element-9139251 e-con-full e-flex e-con e-child\" data-id=\"9139251\" data-element_type=\"container\" data-e-type=\"container\">\n\t\t\t\t<div class=\"elementor-element elementor-element-fa4b06f elementor-widget elementor-widget-text-editor\" data-id=\"fa4b06f\" data-element_type=\"widget\" data-e-type=\"widget\" data-widget_type=\"text-editor.default\">\n\t\t\t\t<div class=\"elementor-widget-container\">\n\t\t\t\t\t\t\t\t\t<p>Pots consultar la fitxa t\u00e8cnica del malt servit a partir del n\u00famero de lot, informant-lo al seg\u00fcent formulari.<\/p><p>On puc trobar el n\u00famero de lot? A tots els sacs que subministrem apareix el n\u00famero de lot.<\/p>\t\t\t\t\t\t\t\t<\/div>\n\t\t\t\t<\/div>\n\t\t\t\t<\/div>\n\t\t<div class=\"elementor-element elementor-element-1423287 e-con-full e-flex e-con e-child\" data-id=\"1423287\" data-element_type=\"container\" data-e-type=\"container\">\n\t\t\t\t<div class=\"elementor-element elementor-element-1e63b347 elementor-widget elementor-widget-text-editor\" data-id=\"1e63b347\" data-element_type=\"widget\" data-e-type=\"widget\" data-widget_type=\"text-editor.default\">\n\t\t\t\t<div class=\"elementor-widget-container\">\n\t\t\t\t\t\t\t\t\t<form class=\"bdlc-form\" method=\"post\" action=\"https:\/\/malteriaarbequina.com\/ca\/fitxes-tecniques\/\" autocomplete=\"off\"><input type=\"hidden\" id=\"_wpnonce\" name=\"_wpnonce\" value=\"2031ff8540\" \/><input type=\"hidden\" name=\"_wp_http_referer\" value=\"\/ca\/wp-json\/wp\/v2\/pages\/850\" \/><label for=\"bdlc_code\">Introdueix el n\u00famero de Lot (en maj\u00fascules)<\/label> <input type=\"text\" id=\"bdlc_code\" name=\"bdlc_code\" pattern=\"[A-Za-z0-9_-]{1,200}\" required> <button type=\"submit\">Buscar<\/button><\/form><style>.bdlc-form{display:flex;gap:.5rem;align-items:center;flex-wrap:wrap}.bdlc-form input[type=text]{padding:.5rem}.bdlc-form button{padding:.5rem .75rem;cursor:pointer}.bdlc-notice{margin:.75rem 0;padding:.5rem .75rem;border-left:4px solid #c00;background:#fee}<\/style>\t\t\t\t\t\t\t\t<\/div>\n\t\t\t\t<\/div>\n\t\t\t\t<\/div>\n\t\t\t\t\t<\/div>\n\t\t\t\t<\/div>\n\t\t\t\t<\/div>\n\t\t","protected":false},"excerpt":{"rendered":"<p>Pots consultar la fitxa t\u00e8cnica del malt servit a partir del n\u00famero de lot, informant-lo al seg\u00fcent formulari. On puc trobar el n\u00famero de lot? A tots els sacs que subministrem apareix el n\u00famero de lot.<\/p>\n","protected":false},"author":1,"featured_media":0,"parent":0,"menu_order":0,"comment_status":"closed","ping_status":"closed","template":"","meta":{"_monsterinsights_skip_tracking":false,"_monsterinsights_sitenote_active":false,"_monsterinsights_sitenote_note":"","_monsterinsights_sitenote_category":0,"footnotes":""},"class_list":["post-850","page","type-page","status-publish","hentry"],"yoast_head":"<!-- This site is optimized with the Yoast SEO plugin v27.4 - https:\/\/yoast.com\/product\/yoast-seo-wordpress\/ -->\n<title>Fitxes t\u00e8cniques - Malteria Arbequina<\/title>\n<meta name=\"robots\" content=\"index, follow, max-snippet:-1, max-image-preview:large, max-video-preview:-1\" \/>\n<link rel=\"canonical\" href=\"https:\/\/malteriaarbequina.com\/ca\/fitxes-tecniques\/\" \/>\n<meta property=\"og:locale\" content=\"ca_ES\" \/>\n<meta property=\"og:type\" content=\"article\" \/>\n<meta property=\"og:title\" content=\"Fitxes t\u00e8cniques - Malteria Arbequina\" \/>\n<meta property=\"og:description\" content=\"Pots consultar la fitxa t\u00e8cnica del malt servit a partir del n\u00famero de lot, informant-lo al seg\u00fcent formulari. On puc trobar el n\u00famero de lot? A tots els sacs que subministrem apareix el n\u00famero de lot.\" \/>\n<meta property=\"og:url\" content=\"https:\/\/malteriaarbequina.com\/ca\/fitxes-tecniques\/\" \/>\n<meta property=\"og:site_name\" content=\"Malteria Arbequina\" \/>\n<meta property=\"article:modified_time\" content=\"2025-09-22T05:23:57+00:00\" \/>\n<meta name=\"twitter:card\" content=\"summary_large_image\" \/>\n<meta name=\"twitter:label1\" content=\"Temps estimat de lectura\" \/>\n\t<meta name=\"twitter:data1\" content=\"1 minut\" \/>\n<script type=\"application\/ld+json\" class=\"yoast-schema-graph\">{\"@context\":\"https:\\\/\\\/schema.org\",\"@graph\":[{\"@type\":\"WebPage\",\"@id\":\"https:\\\/\\\/malteriaarbequina.com\\\/ca\\\/fitxes-tecniques\\\/\",\"url\":\"https:\\\/\\\/malteriaarbequina.com\\\/ca\\\/fitxes-tecniques\\\/\",\"name\":\"Fitxes t\u00e8cniques - Malteria Arbequina\",\"isPartOf\":{\"@id\":\"https:\\\/\\\/malteriaarbequina.com\\\/ca\\\/#website\"},\"datePublished\":\"2025-09-09T12:05:18+00:00\",\"dateModified\":\"2025-09-22T05:23:57+00:00\",\"breadcrumb\":{\"@id\":\"https:\\\/\\\/malteriaarbequina.com\\\/ca\\\/fitxes-tecniques\\\/#breadcrumb\"},\"inLanguage\":\"ca\",\"potentialAction\":[{\"@type\":\"ReadAction\",\"target\":[\"https:\\\/\\\/malteriaarbequina.com\\\/ca\\\/fitxes-tecniques\\\/\"]}]},{\"@type\":\"BreadcrumbList\",\"@id\":\"https:\\\/\\\/malteriaarbequina.com\\\/ca\\\/fitxes-tecniques\\\/#breadcrumb\",\"itemListElement\":[{\"@type\":\"ListItem\",\"position\":1,\"name\":\"Portada\",\"item\":\"https:\\\/\\\/malteriaarbequina.com\\\/ca\\\/\"},{\"@type\":\"ListItem\",\"position\":2,\"name\":\"Fitxes t\u00e8cniques\"}]},{\"@type\":\"WebSite\",\"@id\":\"https:\\\/\\\/malteriaarbequina.com\\\/ca\\\/#website\",\"url\":\"https:\\\/\\\/malteriaarbequina.com\\\/ca\\\/\",\"name\":\"Malteria Arbequina\",\"description\":\"Malta artesana para artesanos\",\"publisher\":{\"@id\":\"https:\\\/\\\/malteriaarbequina.com\\\/ca\\\/#organization\"},\"potentialAction\":[{\"@type\":\"SearchAction\",\"target\":{\"@type\":\"EntryPoint\",\"urlTemplate\":\"https:\\\/\\\/malteriaarbequina.com\\\/ca\\\/?s={search_term_string}\"},\"query-input\":{\"@type\":\"PropertyValueSpecification\",\"valueRequired\":true,\"valueName\":\"search_term_string\"}}],\"inLanguage\":\"ca\"},{\"@type\":\"Organization\",\"@id\":\"https:\\\/\\\/malteriaarbequina.com\\\/ca\\\/#organization\",\"name\":\"Malteria Arbequina\",\"url\":\"https:\\\/\\\/malteriaarbequina.com\\\/ca\\\/\",\"logo\":{\"@type\":\"ImageObject\",\"inLanguage\":\"ca\",\"@id\":\"https:\\\/\\\/malteriaarbequina.com\\\/ca\\\/#\\\/schema\\\/logo\\\/image\\\/\",\"url\":\"https:\\\/\\\/malteriaarbequina.com\\\/wp-content\\\/uploads\\\/2025\\\/04\\\/logo-malteria.png\",\"contentUrl\":\"https:\\\/\\\/malteriaarbequina.com\\\/wp-content\\\/uploads\\\/2025\\\/04\\\/logo-malteria.png\",\"width\":1149,\"height\":686,\"caption\":\"Malteria Arbequina\"},\"image\":{\"@id\":\"https:\\\/\\\/malteriaarbequina.com\\\/ca\\\/#\\\/schema\\\/logo\\\/image\\\/\"}}]}<\/script>\n<!-- \/ Yoast SEO plugin. -->","yoast_head_json":{"title":"Fitxes t\u00e8cniques - Malteria Arbequina","robots":{"index":"index","follow":"follow","max-snippet":"max-snippet:-1","max-image-preview":"max-image-preview:large","max-video-preview":"max-video-preview:-1"},"canonical":"https:\/\/malteriaarbequina.com\/ca\/fitxes-tecniques\/","og_locale":"ca_ES","og_type":"article","og_title":"Fitxes t\u00e8cniques - Malteria Arbequina","og_description":"Pots consultar la fitxa t\u00e8cnica del malt servit a partir del n\u00famero de lot, informant-lo al seg\u00fcent formulari. On puc trobar el n\u00famero de lot? A tots els sacs que subministrem apareix el n\u00famero de lot.","og_url":"https:\/\/malteriaarbequina.com\/ca\/fitxes-tecniques\/","og_site_name":"Malteria Arbequina","article_modified_time":"2025-09-22T05:23:57+00:00","twitter_card":"summary_large_image","twitter_misc":{"Temps estimat de lectura":"1 minut"},"schema":{"@context":"https:\/\/schema.org","@graph":[{"@type":"WebPage","@id":"https:\/\/malteriaarbequina.com\/ca\/fitxes-tecniques\/","url":"https:\/\/malteriaarbequina.com\/ca\/fitxes-tecniques\/","name":"Fitxes t\u00e8cniques - Malteria Arbequina","isPartOf":{"@id":"https:\/\/malteriaarbequina.com\/ca\/#website"},"datePublished":"2025-09-09T12:05:18+00:00","dateModified":"2025-09-22T05:23:57+00:00","breadcrumb":{"@id":"https:\/\/malteriaarbequina.com\/ca\/fitxes-tecniques\/#breadcrumb"},"inLanguage":"ca","potentialAction":[{"@type":"ReadAction","target":["https:\/\/malteriaarbequina.com\/ca\/fitxes-tecniques\/"]}]},{"@type":"BreadcrumbList","@id":"https:\/\/malteriaarbequina.com\/ca\/fitxes-tecniques\/#breadcrumb","itemListElement":[{"@type":"ListItem","position":1,"name":"Portada","item":"https:\/\/malteriaarbequina.com\/ca\/"},{"@type":"ListItem","position":2,"name":"Fitxes t\u00e8cniques"}]},{"@type":"WebSite","@id":"https:\/\/malteriaarbequina.com\/ca\/#website","url":"https:\/\/malteriaarbequina.com\/ca\/","name":"Malteria Arbequina","description":"Malta artesana para artesanos","publisher":{"@id":"https:\/\/malteriaarbequina.com\/ca\/#organization"},"potentialAction":[{"@type":"SearchAction","target":{"@type":"EntryPoint","urlTemplate":"https:\/\/malteriaarbequina.com\/ca\/?s={search_term_string}"},"query-input":{"@type":"PropertyValueSpecification","valueRequired":true,"valueName":"search_term_string"}}],"inLanguage":"ca"},{"@type":"Organization","@id":"https:\/\/malteriaarbequina.com\/ca\/#organization","name":"Malteria Arbequina","url":"https:\/\/malteriaarbequina.com\/ca\/","logo":{"@type":"ImageObject","inLanguage":"ca","@id":"https:\/\/malteriaarbequina.com\/ca\/#\/schema\/logo\/image\/","url":"https:\/\/malteriaarbequina.com\/wp-content\/uploads\/2025\/04\/logo-malteria.png","contentUrl":"https:\/\/malteriaarbequina.com\/wp-content\/uploads\/2025\/04\/logo-malteria.png","width":1149,"height":686,"caption":"Malteria Arbequina"},"image":{"@id":"https:\/\/malteriaarbequina.com\/ca\/#\/schema\/logo\/image\/"}}]}},"_links":{"self":[{"href":"https:\/\/malteriaarbequina.com\/ca\/wp-json\/wp\/v2\/pages\/850","targetHints":{"allow":["GET"]}}],"collection":[{"href":"https:\/\/malteriaarbequina.com\/ca\/wp-json\/wp\/v2\/pages"}],"about":[{"href":"https:\/\/malteriaarbequina.com\/ca\/wp-json\/wp\/v2\/types\/page"}],"author":[{"embeddable":true,"href":"https:\/\/malteriaarbequina.com\/ca\/wp-json\/wp\/v2\/users\/1"}],"replies":[{"embeddable":true,"href":"https:\/\/malteriaarbequina.com\/ca\/wp-json\/wp\/v2\/comments?post=850"}],"version-history":[{"count":4,"href":"https:\/\/malteriaarbequina.com\/ca\/wp-json\/wp\/v2\/pages\/850\/revisions"}],"predecessor-version":[{"id":887,"href":"https:\/\/malteriaarbequina.com\/ca\/wp-json\/wp\/v2\/pages\/850\/revisions\/887"}],"wp:attachment":[{"href":"https:\/\/malteriaarbequina.com\/ca\/wp-json\/wp\/v2\/media?parent=850"}],"curies":[{"name":"wp","href":"https:\/\/api.w.org\/{rel}","templated":true}]}}