{"id":857,"date":"2025-09-15T13:18:25","date_gmt":"2025-09-15T11:18:25","guid":{"rendered":"https:\/\/malteriaarbequina.com\/?page_id=857"},"modified":"2025-09-22T07:05:34","modified_gmt":"2025-09-22T05:05:34","slug":"maquilles","status":"publish","type":"page","link":"https:\/\/malteriaarbequina.com\/ca\/maquilles\/","title":{"rendered":"Maquiles"},"content":{"rendered":"\t\t<div data-elementor-type=\"wp-page\" data-elementor-id=\"857\" class=\"elementor elementor-857 elementor-757\" data-elementor-post-type=\"page\">\n\t\t\t\t<div class=\"elementor-element elementor-element-fb95803 e-flex e-con-boxed e-con e-parent\" data-id=\"fb95803\" data-element_type=\"container\" data-e-type=\"container\" data-settings=\"{&quot;background_background&quot;:&quot;classic&quot;}\">\n\t\t\t\t\t<div class=\"e-con-inner\">\n\t\t\t\t<div class=\"elementor-element elementor-element-e3359ff elementor-widget elementor-widget-heading\" data-id=\"e3359ff\" data-element_type=\"widget\" data-e-type=\"widget\" data-widget_type=\"heading.default\">\n\t\t\t\t<div class=\"elementor-widget-container\">\n\t\t\t\t\t<h2 class=\"elementor-heading-title elementor-size-default\">DISPONIBLE PRIMAVERA 2026<\/h2>\t\t\t\t<\/div>\n\t\t\t\t<\/div>\n\t\t\t\t\t<\/div>\n\t\t\t\t<\/div>\n\t\t<div class=\"elementor-element elementor-element-925f2b7 e-flex e-con-boxed e-con e-parent\" data-id=\"925f2b7\" data-element_type=\"container\" data-e-type=\"container\">\n\t\t\t\t\t<div class=\"e-con-inner\">\n\t\t<div class=\"elementor-element elementor-element-40875bd e-con-full e-flex e-con e-child\" data-id=\"40875bd\" data-element_type=\"container\" data-e-type=\"container\">\n\t\t\t\t<div class=\"elementor-element elementor-element-a074734 elementor-widget elementor-widget-heading\" data-id=\"a074734\" data-element_type=\"widget\" data-e-type=\"widget\" data-widget_type=\"heading.default\">\n\t\t\t\t<div class=\"elementor-widget-container\">\n\t\t\t\t\t<h3 class=\"elementor-heading-title elementor-size-default\">Condicions d'acceptaci\u00f3 per a Maquila<\/h3>\t\t\t\t<\/div>\n\t\t\t\t<\/div>\n\t\t\t\t<div class=\"elementor-element elementor-element-78a9cb6 elementor-widget elementor-widget-text-editor\" data-id=\"78a9cb6\" data-element_type=\"widget\" data-e-type=\"widget\" data-widget_type=\"text-editor.default\">\n\t\t\t\t<div class=\"elementor-widget-container\">\n\t\t\t\t\t\t\t\t\t<ul><li>Quantitat m\u00ednima de cereal: 10.000 kg (10 Tn) per lot<\/li><li>Tipus de cereal : ordi \u00fanicament<\/li><li>Humitat m\u00e0xima : 12 %<\/li><li>Prote\u00efna total m\u00ednima : 9 %<\/li><li>Prote\u00efna total m\u00e0xima : 12 %<\/li><li>Calibre major a 2,5 mm: 65 % com a m\u00ednim<\/li><li>Calibre menor a 2,2 mm: 10 % com a m\u00e0xim<\/li><li>Capacitat germinativa : 90 % com a m\u00ednim<\/li><li>Dorm\u00e0ncia : 2 mesos m\u00ednim<\/li><li>Lliure de par\u00e0sits<\/li><\/ul><p><br \/>El fet de no complir alguna d&#8217;aquestes condicions habilitaria la partida a processar, sent els costos associats a c\u00e0rrec del client en qualsevol cas.<\/p>\t\t\t\t\t\t\t\t<\/div>\n\t\t\t\t<\/div>\n\t\t\t\t<\/div>\n\t\t<div class=\"elementor-element elementor-element-de8dc81 e-con-full e-flex e-con e-child\" data-id=\"de8dc81\" data-element_type=\"container\" data-e-type=\"container\">\n\t\t\t\t<div class=\"elementor-element elementor-element-dc2df37 elementor-widget elementor-widget-heading\" data-id=\"dc2df37\" data-element_type=\"widget\" data-e-type=\"widget\" data-widget_type=\"heading.default\">\n\t\t\t\t<div class=\"elementor-widget-container\">\n\t\t\t\t\t<h3 class=\"elementor-heading-title elementor-size-default\">Condicions de Processament Industrial i Qualitat de la Malta<\/h3>\t\t\t\t<\/div>\n\t\t\t\t<\/div>\n\t\t\t\t<div class=\"elementor-element elementor-element-191948e elementor-widget elementor-widget-text-editor\" data-id=\"191948e\" data-element_type=\"widget\" data-e-type=\"widget\" data-widget_type=\"text-editor.default\">\n\t\t\t\t<div class=\"elementor-widget-container\">\n\t\t\t\t\t\t\t\t\t<ul> \n<li>Tipus de malts base: pilsen i pale ale \u00fanicament. Altres tipus de malt no es contemplen<\/li> \n<li>Merma en pes: 20 % aproximadament sobre la quantitat d&#8217;ordi rebut.<\/li> \n<li>Malta neta, seca i lliure de pedres i elements magn\u00e8tics<\/li>\n<\/ul>\t\t\t\t\t\t\t\t<\/div>\n\t\t\t\t<\/div>\n\t\t\t\t<div class=\"elementor-element elementor-element-d772952 elementor-widget elementor-widget-heading\" data-id=\"d772952\" data-element_type=\"widget\" data-e-type=\"widget\" data-widget_type=\"heading.default\">\n\t\t\t\t<div class=\"elementor-widget-container\">\n\t\t\t\t\t<h3 class=\"elementor-heading-title elementor-size-default\">Condicions de Posada a Disposici\u00f3<\/h3>\t\t\t\t<\/div>\n\t\t\t\t<\/div>\n\t\t\t\t<div class=\"elementor-element elementor-element-b8e53ff elementor-widget elementor-widget-text-editor\" data-id=\"b8e53ff\" data-element_type=\"widget\" data-e-type=\"widget\" data-widget_type=\"text-editor.default\">\n\t\t\t\t<div class=\"elementor-widget-container\">\n\t\t\t\t\t\t\t\t\t<ul> \n<li>Termini de lliurament a convenir segons planificacions<\/li> \n<li>Lliurament immediat a client despr\u00e9s del processament. No emmagatzematge per part de Malteria Arbequina<\/li> \n<li>Temps de relaxaci\u00f3 d&#8217;enzims a c\u00e0rrec del client. Recomanem entre 3 i 6 setmanes<\/li> \n<li>Formats de subministrament, sacs a palet fins a 750 kg i\/o big bags<\/li> \n<li>Transport a compte del client (recepci\u00f3 i entrega)<\/li> \n<li>Es facilitar\u00e0 Fitxa T\u00e8cnica del lot al costat del malt processat<\/li>\n<\/ul>\t\t\t\t\t\t\t\t<\/div>\n\t\t\t\t<\/div>\n\t\t\t\t<\/div>\n\t\t\t\t\t<\/div>\n\t\t\t\t<\/div>\n\t\t<div class=\"elementor-element elementor-element-2bdfbdc e-flex e-con-boxed e-con e-parent\" data-id=\"2bdfbdc\" data-element_type=\"container\" data-e-type=\"container\">\n\t\t\t\t\t<div class=\"e-con-inner\">\n\t\t\t\t<div class=\"elementor-element elementor-element-c79c4e2 elementor-widget elementor-widget-text-editor\" data-id=\"c79c4e2\" data-element_type=\"widget\" data-e-type=\"widget\" data-widget_type=\"text-editor.default\">\n\t\t\t\t<div class=\"elementor-widget-container\">\n\t\t\t\t\t\t\t\t\t<p><strong>M\u00e9s informaci\u00f3 a trav\u00e9s de la nostra Oficina<\/strong><\/p>\t\t\t\t\t\t\t\t<\/div>\n\t\t\t\t<\/div>\n\t\t\t\t<div class=\"elementor-element elementor-element-79e3b0a elementor-icon-list--layout-traditional elementor-list-item-link-full_width elementor-widget elementor-widget-icon-list\" data-id=\"79e3b0a\" data-element_type=\"widget\" data-e-type=\"widget\" data-widget_type=\"icon-list.default\">\n\t\t\t\t<div class=\"elementor-widget-container\">\n\t\t\t\t\t\t\t<ul class=\"elementor-icon-list-items\">\n\t\t\t\t\t\t\t<li class=\"elementor-icon-list-item\">\n\t\t\t\t\t\t\t\t\t\t\t<span class=\"elementor-icon-list-icon\">\n\t\t\t\t\t\t\t<svg aria-hidden=\"true\" class=\"e-font-icon-svg e-fas-phone\" viewBox=\"0 0 512 512\" xmlns=\"http:\/\/www.w3.org\/2000\/svg\"><path d=\"M493.4 24.6l-104-24c-11.3-2.6-22.9 3.3-27.5 13.9l-48 112c-4.2 9.8-1.4 21.3 6.9 28l60.6 49.6c-36 76.7-98.9 140.5-177.2 177.2l-49.6-60.6c-6.8-8.3-18.2-11.1-28-6.9l-112 48C3.9 366.5-2 378.1.6 389.4l24 104C27.1 504.2 36.7 512 48 512c256.1 0 464-207.5 464-464 0-11.2-7.7-20.9-18.6-23.4z\"><\/path><\/svg>\t\t\t\t\t\t<\/span>\n\t\t\t\t\t\t\t\t\t\t<span class=\"elementor-icon-list-text\">973 160 000<\/span>\n\t\t\t\t\t\t\t\t\t<\/li>\n\t\t\t\t\t\t\t\t<li class=\"elementor-icon-list-item\">\n\t\t\t\t\t\t\t\t\t\t\t<span class=\"elementor-icon-list-icon\">\n\t\t\t\t\t\t\t<svg aria-hidden=\"true\" class=\"e-font-icon-svg e-far-envelope\" viewBox=\"0 0 512 512\" xmlns=\"http:\/\/www.w3.org\/2000\/svg\"><path d=\"M464 64H48C21.49 64 0 85.49 0 112v288c0 26.51 21.49 48 48 48h416c26.51 0 48-21.49 48-48V112c0-26.51-21.49-48-48-48zm0 48v40.805c-22.422 18.259-58.168 46.651-134.587 106.49-16.841 13.247-50.201 45.072-73.413 44.701-23.208.375-56.579-31.459-73.413-44.701C106.18 199.465 70.425 171.067 48 152.805V112h416zM48 400V214.398c22.914 18.251 55.409 43.862 104.938 82.646 21.857 17.205 60.134 55.186 103.062 54.955 42.717.231 80.509-37.199 103.053-54.947 49.528-38.783 82.032-64.401 104.947-82.653V400H48z\"><\/path><\/svg>\t\t\t\t\t\t<\/span>\n\t\t\t\t\t\t\t\t\t\t<span class=\"elementor-icon-list-text\">hola@malteriaarbequina.com<\/span>\n\t\t\t\t\t\t\t\t\t<\/li>\n\t\t\t\t\t\t\t\t<li class=\"elementor-icon-list-item\">\n\t\t\t\t\t\t\t\t\t\t\t<span class=\"elementor-icon-list-icon\">\n\t\t\t\t\t\t\t<svg aria-hidden=\"true\" class=\"e-font-icon-svg e-fas-map-marker-alt\" viewBox=\"0 0 384 512\" xmlns=\"http:\/\/www.w3.org\/2000\/svg\"><path d=\"M172.268 501.67C26.97 291.031 0 269.413 0 192 0 85.961 85.961 0 192 0s192 85.961 192 192c0 77.413-26.97 99.031-172.268 309.67-9.535 13.774-29.93 13.773-39.464 0zM192 272c44.183 0 80-35.817 80-80s-35.817-80-80-80-80 35.817-80 80 35.817 80 80 80z\"><\/path><\/svg>\t\t\t\t\t\t<\/span>\n\t\t\t\t\t\t\t\t\t\t<span class=\"elementor-icon-list-text\">C\/ Santiago Russinyol, s\/n<br>25140 Arbeca (Lleida)<\/span>\n\t\t\t\t\t\t\t\t\t<\/li>\n\t\t\t\t\t\t<\/ul>\n\t\t\t\t\t\t<\/div>\n\t\t\t\t<\/div>\n\t\t\t\t\t<\/div>\n\t\t\t\t<\/div>\n\t\t\t\t<\/div>\n\t\t","protected":false},"excerpt":{"rendered":"<p>DISPONIBLE PRIMAVERA 2026 Condicions d&#8217;acceptaci\u00f3 per a Maquila Quantitat m\u00ednima de cereal: 10.000 kg (10 Tn) per lot Tipus de cereal : ordi \u00fanicament Humitat m\u00e0xima : 12 % Prote\u00efna total m\u00ednima : 9 % Prote\u00efna total m\u00e0xima : 12 % Calibre major a 2,5 mm: 65 % com a m\u00ednim Calibre menor a 2,2 [&hellip;]<\/p>\n","protected":false},"author":1,"featured_media":0,"parent":0,"menu_order":0,"comment_status":"closed","ping_status":"closed","template":"","meta":{"_monsterinsights_skip_tracking":false,"_monsterinsights_sitenote_active":false,"_monsterinsights_sitenote_note":"","_monsterinsights_sitenote_category":0,"footnotes":""},"class_list":["post-857","page","type-page","status-publish","hentry"],"yoast_head":"<!-- This site is optimized with the Yoast SEO plugin v27.4 - https:\/\/yoast.com\/product\/yoast-seo-wordpress\/ -->\n<title>Maquiles - Malteria Arbequina<\/title>\n<meta name=\"robots\" content=\"index, follow, max-snippet:-1, max-image-preview:large, max-video-preview:-1\" \/>\n<link rel=\"canonical\" href=\"https:\/\/malteriaarbequina.com\/ca\/maquilles\/\" \/>\n<meta property=\"og:locale\" content=\"ca_ES\" \/>\n<meta property=\"og:type\" content=\"article\" \/>\n<meta property=\"og:title\" content=\"Maquiles - Malteria Arbequina\" \/>\n<meta property=\"og:description\" content=\"DISPONIBLE PRIMAVERA 2026 Condicions d&#8217;acceptaci\u00f3 per a Maquila Quantitat m\u00ednima de cereal: 10.000 kg (10 Tn) per lot Tipus de cereal : ordi \u00fanicament Humitat m\u00e0xima : 12 % Prote\u00efna total m\u00ednima : 9 % Prote\u00efna total m\u00e0xima : 12 % Calibre major a 2,5 mm: 65 % com a m\u00ednim Calibre menor a 2,2 [&hellip;]\" \/>\n<meta property=\"og:url\" content=\"https:\/\/malteriaarbequina.com\/ca\/maquilles\/\" \/>\n<meta property=\"og:site_name\" content=\"Malteria Arbequina\" \/>\n<meta property=\"article:modified_time\" content=\"2025-09-22T05:05:34+00:00\" \/>\n<meta name=\"twitter:card\" content=\"summary_large_image\" \/>\n<meta name=\"twitter:label1\" content=\"Temps estimat de lectura\" \/>\n\t<meta name=\"twitter:data1\" content=\"2 minuts\" \/>\n<script type=\"application\/ld+json\" class=\"yoast-schema-graph\">{\"@context\":\"https:\\\/\\\/schema.org\",\"@graph\":[{\"@type\":\"WebPage\",\"@id\":\"https:\\\/\\\/malteriaarbequina.com\\\/ca\\\/maquilles\\\/\",\"url\":\"https:\\\/\\\/malteriaarbequina.com\\\/ca\\\/maquilles\\\/\",\"name\":\"Maquiles - Malteria Arbequina\",\"isPartOf\":{\"@id\":\"https:\\\/\\\/malteriaarbequina.com\\\/ca\\\/#website\"},\"datePublished\":\"2025-09-15T11:18:25+00:00\",\"dateModified\":\"2025-09-22T05:05:34+00:00\",\"breadcrumb\":{\"@id\":\"https:\\\/\\\/malteriaarbequina.com\\\/ca\\\/maquilles\\\/#breadcrumb\"},\"inLanguage\":\"ca\",\"potentialAction\":[{\"@type\":\"ReadAction\",\"target\":[\"https:\\\/\\\/malteriaarbequina.com\\\/ca\\\/maquilles\\\/\"]}]},{\"@type\":\"BreadcrumbList\",\"@id\":\"https:\\\/\\\/malteriaarbequina.com\\\/ca\\\/maquilles\\\/#breadcrumb\",\"itemListElement\":[{\"@type\":\"ListItem\",\"position\":1,\"name\":\"Portada\",\"item\":\"https:\\\/\\\/malteriaarbequina.com\\\/ca\\\/\"},{\"@type\":\"ListItem\",\"position\":2,\"name\":\"Maquiles\"}]},{\"@type\":\"WebSite\",\"@id\":\"https:\\\/\\\/malteriaarbequina.com\\\/ca\\\/#website\",\"url\":\"https:\\\/\\\/malteriaarbequina.com\\\/ca\\\/\",\"name\":\"Malteria Arbequina\",\"description\":\"Malta artesana para artesanos\",\"publisher\":{\"@id\":\"https:\\\/\\\/malteriaarbequina.com\\\/ca\\\/#organization\"},\"potentialAction\":[{\"@type\":\"SearchAction\",\"target\":{\"@type\":\"EntryPoint\",\"urlTemplate\":\"https:\\\/\\\/malteriaarbequina.com\\\/ca\\\/?s={search_term_string}\"},\"query-input\":{\"@type\":\"PropertyValueSpecification\",\"valueRequired\":true,\"valueName\":\"search_term_string\"}}],\"inLanguage\":\"ca\"},{\"@type\":\"Organization\",\"@id\":\"https:\\\/\\\/malteriaarbequina.com\\\/ca\\\/#organization\",\"name\":\"Malteria Arbequina\",\"url\":\"https:\\\/\\\/malteriaarbequina.com\\\/ca\\\/\",\"logo\":{\"@type\":\"ImageObject\",\"inLanguage\":\"ca\",\"@id\":\"https:\\\/\\\/malteriaarbequina.com\\\/ca\\\/#\\\/schema\\\/logo\\\/image\\\/\",\"url\":\"https:\\\/\\\/malteriaarbequina.com\\\/wp-content\\\/uploads\\\/2025\\\/04\\\/logo-malteria.png\",\"contentUrl\":\"https:\\\/\\\/malteriaarbequina.com\\\/wp-content\\\/uploads\\\/2025\\\/04\\\/logo-malteria.png\",\"width\":1149,\"height\":686,\"caption\":\"Malteria Arbequina\"},\"image\":{\"@id\":\"https:\\\/\\\/malteriaarbequina.com\\\/ca\\\/#\\\/schema\\\/logo\\\/image\\\/\"}}]}<\/script>\n<!-- \/ Yoast SEO plugin. -->","yoast_head_json":{"title":"Maquiles - Malteria Arbequina","robots":{"index":"index","follow":"follow","max-snippet":"max-snippet:-1","max-image-preview":"max-image-preview:large","max-video-preview":"max-video-preview:-1"},"canonical":"https:\/\/malteriaarbequina.com\/ca\/maquilles\/","og_locale":"ca_ES","og_type":"article","og_title":"Maquiles - Malteria Arbequina","og_description":"DISPONIBLE PRIMAVERA 2026 Condicions d&#8217;acceptaci\u00f3 per a Maquila Quantitat m\u00ednima de cereal: 10.000 kg (10 Tn) per lot Tipus de cereal : ordi \u00fanicament Humitat m\u00e0xima : 12 % Prote\u00efna total m\u00ednima : 9 % Prote\u00efna total m\u00e0xima : 12 % Calibre major a 2,5 mm: 65 % com a m\u00ednim Calibre menor a 2,2 [&hellip;]","og_url":"https:\/\/malteriaarbequina.com\/ca\/maquilles\/","og_site_name":"Malteria Arbequina","article_modified_time":"2025-09-22T05:05:34+00:00","twitter_card":"summary_large_image","twitter_misc":{"Temps estimat de lectura":"2 minuts"},"schema":{"@context":"https:\/\/schema.org","@graph":[{"@type":"WebPage","@id":"https:\/\/malteriaarbequina.com\/ca\/maquilles\/","url":"https:\/\/malteriaarbequina.com\/ca\/maquilles\/","name":"Maquiles - Malteria Arbequina","isPartOf":{"@id":"https:\/\/malteriaarbequina.com\/ca\/#website"},"datePublished":"2025-09-15T11:18:25+00:00","dateModified":"2025-09-22T05:05:34+00:00","breadcrumb":{"@id":"https:\/\/malteriaarbequina.com\/ca\/maquilles\/#breadcrumb"},"inLanguage":"ca","potentialAction":[{"@type":"ReadAction","target":["https:\/\/malteriaarbequina.com\/ca\/maquilles\/"]}]},{"@type":"BreadcrumbList","@id":"https:\/\/malteriaarbequina.com\/ca\/maquilles\/#breadcrumb","itemListElement":[{"@type":"ListItem","position":1,"name":"Portada","item":"https:\/\/malteriaarbequina.com\/ca\/"},{"@type":"ListItem","position":2,"name":"Maquiles"}]},{"@type":"WebSite","@id":"https:\/\/malteriaarbequina.com\/ca\/#website","url":"https:\/\/malteriaarbequina.com\/ca\/","name":"Malteria Arbequina","description":"Malta artesana para artesanos","publisher":{"@id":"https:\/\/malteriaarbequina.com\/ca\/#organization"},"potentialAction":[{"@type":"SearchAction","target":{"@type":"EntryPoint","urlTemplate":"https:\/\/malteriaarbequina.com\/ca\/?s={search_term_string}"},"query-input":{"@type":"PropertyValueSpecification","valueRequired":true,"valueName":"search_term_string"}}],"inLanguage":"ca"},{"@type":"Organization","@id":"https:\/\/malteriaarbequina.com\/ca\/#organization","name":"Malteria Arbequina","url":"https:\/\/malteriaarbequina.com\/ca\/","logo":{"@type":"ImageObject","inLanguage":"ca","@id":"https:\/\/malteriaarbequina.com\/ca\/#\/schema\/logo\/image\/","url":"https:\/\/malteriaarbequina.com\/wp-content\/uploads\/2025\/04\/logo-malteria.png","contentUrl":"https:\/\/malteriaarbequina.com\/wp-content\/uploads\/2025\/04\/logo-malteria.png","width":1149,"height":686,"caption":"Malteria Arbequina"},"image":{"@id":"https:\/\/malteriaarbequina.com\/ca\/#\/schema\/logo\/image\/"}}]}},"_links":{"self":[{"href":"https:\/\/malteriaarbequina.com\/ca\/wp-json\/wp\/v2\/pages\/857","targetHints":{"allow":["GET"]}}],"collection":[{"href":"https:\/\/malteriaarbequina.com\/ca\/wp-json\/wp\/v2\/pages"}],"about":[{"href":"https:\/\/malteriaarbequina.com\/ca\/wp-json\/wp\/v2\/types\/page"}],"author":[{"embeddable":true,"href":"https:\/\/malteriaarbequina.com\/ca\/wp-json\/wp\/v2\/users\/1"}],"replies":[{"embeddable":true,"href":"https:\/\/malteriaarbequina.com\/ca\/wp-json\/wp\/v2\/comments?post=857"}],"version-history":[{"count":7,"href":"https:\/\/malteriaarbequina.com\/ca\/wp-json\/wp\/v2\/pages\/857\/revisions"}],"predecessor-version":[{"id":872,"href":"https:\/\/malteriaarbequina.com\/ca\/wp-json\/wp\/v2\/pages\/857\/revisions\/872"}],"wp:attachment":[{"href":"https:\/\/malteriaarbequina.com\/ca\/wp-json\/wp\/v2\/media?parent=857"}],"curies":[{"name":"wp","href":"https:\/\/api.w.org\/{rel}","templated":true}]}}