{"id":1477,"date":"2026-03-30T07:17:31","date_gmt":"2026-03-30T05:17:31","guid":{"rendered":"https:\/\/malteriaarbequina.com\/?post_type=product&#038;p=1477"},"modified":"2026-04-29T14:51:30","modified_gmt":"2026-04-29T12:51:30","slug":"malta-artesana-blat","status":"publish","type":"product","link":"https:\/\/malteriaarbequina.com\/ca\/producte\/malta-artesana-blat\/","title":{"rendered":"Malta Artesana Blat"},"content":{"rendered":"\t\t<div data-elementor-type=\"product-post\" data-elementor-id=\"1477\" class=\"elementor elementor-1477 elementor-1461\" data-elementor-post-type=\"product\">\n\t\t\t\t<div class=\"elementor-element elementor-element-f1b49e7 e-flex e-con-boxed e-con e-parent\" data-id=\"f1b49e7\" data-element_type=\"container\" data-e-type=\"container\">\n\t\t\t\t\t<div class=\"e-con-inner\">\n\t\t<div class=\"elementor-element elementor-element-9f83eb6 e-con-full e-flex e-con e-child\" data-id=\"9f83eb6\" data-element_type=\"container\" data-e-type=\"container\">\n\t\t\t\t<div class=\"elementor-element elementor-element-ef91937 elementor-widget elementor-widget-heading\" data-id=\"ef91937\" data-element_type=\"widget\" data-e-type=\"widget\" data-widget_type=\"heading.default\">\n\t\t\t\t<div class=\"elementor-widget-container\">\n\t\t\t\t\t<h2 class=\"elementor-heading-title elementor-size-default\">Qualitat de gra dol\u00e7 de baix contingut prote\u00ednic<\/h2>\t\t\t\t<\/div>\n\t\t\t\t<\/div>\n\t\t\t\t<div class=\"elementor-element elementor-element-45b59c1 elementor-widget elementor-widget-text-editor\" data-id=\"45b59c1\" data-element_type=\"widget\" data-e-type=\"widget\" data-widget_type=\"text-editor.default\">\n\t\t\t\t<div class=\"elementor-widget-container\">\n\t\t\t\t\t\t\t\t\t<p>La nostra malta base de blat aportar\u00e0 als mosts de cervesa artesana un sabor suau i fresc lleugerament dol\u00e7 i un contrast molt especial d&#8217;aromes i sabors.<\/p><p>Amb un lleuger valor proteic m\u00e9s gran que el malt d&#8217;ordi; no excedeix valors m\u00e9s grans del 12% en cap cas, i aporta una millor retenci\u00f3 d&#8217;escuma.<\/p><p>Tamb\u00e9 aporta notes panoses i de massa fresca de pa blanc amb un sabor m\u00e9s delicat i m\u00e9s gran terbolesa i pal\u00b7lidesa.<br \/>T\u00e9 prou enzims per convertir midons en sucres fermentables i es pot fer servir com a base o en combinaci\u00f3 amb altres malts.<\/p><p>Millora el cos de la cervesa, aportant una sensaci\u00f3 a la boca m\u00e9s sedosa i lleugera alhora.<\/p>\t\t\t\t\t\t\t\t<\/div>\n\t\t\t\t<\/div>\n\t\t\t\t<div class=\"elementor-element elementor-element-087672e elementor-widget elementor-widget-heading\" data-id=\"087672e\" data-element_type=\"widget\" data-e-type=\"widget\" data-widget_type=\"heading.default\">\n\t\t\t\t<div class=\"elementor-widget-container\">\n\t\t\t\t\t<h2 class=\"elementor-heading-title elementor-size-default\">Tecnologia moderna al servei de la qualitat<\/h2>\t\t\t\t<\/div>\n\t\t\t\t<\/div>\n\t\t\t\t<div class=\"elementor-element elementor-element-487ccd1 elementor-widget elementor-widget-text-editor\" data-id=\"487ccd1\" data-element_type=\"widget\" data-e-type=\"widget\" data-widget_type=\"text-editor.default\">\n\t\t\t\t<div class=\"elementor-widget-container\">\n\t\t\t\t\t\t\t\t\tA Malteria Arbequina hem apostat per la tecnologia de\u00a0<strong>caixa-salad\u00ed<\/strong>, un sistema avan\u00e7at que, juntament amb el control autom\u00e0tic de processos com\u00a0<strong>la neteja, homogene\u00eftzaci\u00f3 i\u00a0<\/strong><strong>paletitzaci\u00f3<\/strong>, ens permet garantir que cada lot de malt compleixi amb els<\/strong>.\t\t\t\t\t\t\t\t<\/div>\n\t\t\t\t<\/div>\n\t\t\t\t<div class=\"elementor-element elementor-element-30ace66 elementor-widget elementor-widget-wp-widget-custom_html\" data-id=\"30ace66\" data-element_type=\"widget\" data-e-type=\"widget\" data-widget_type=\"wp-widget-custom_html.default\">\n\t\t\t\t<div class=\"elementor-widget-container\">\n\t\t\t\t\t<div class=\"textwidget custom-html-widget\"><table style=\"width:100%\">\r\n<tr class=\"fort\"><td>ORIGEN<\/td><td>Blat tou dol\u00e7 de la Cooperativa Arbequina. Arbeca - Lleida<\/td><\/tr>\r\n<tr><td>Lliurament<\/td><td><strong>Big bags<\/strong>: sobre palet de 800kg.<br><strong>Palet est\u00e0ndard:<\/strong> Sobre palet de 750kg.<br><strong>Palet a demanda:<\/strong> A partir de 75kg fins a 525kg en salts de 75kg. Opcions: 75kg, 150kg, 225kg, 300kg, 375kg, 450kg, 525kg i 600kg.<br> (En sacs de 25kg)<\/td><\/tr><tr><td>Subministrament<\/td><td>Durant tot l'any<\/td><\/tr>\r\n<tr><td>Emmagatzematge<\/td><td>A cobert, en lloc sec i fresc. Lliure d'insectes<\/td><\/tr>\r\n<tr><td>Consum preferent<\/td><td>12 mesos des de l'envasament<\/td><\/tr>\r\n<\/table><\/div>\t\t\t\t<\/div>\n\t\t\t\t<\/div>\n\t\t\t\t<\/div>\n\t\t<div class=\"elementor-element elementor-element-f1ad0c2 e-con-full e-flex e-con e-child\" data-id=\"f1ad0c2\" data-element_type=\"container\" data-e-type=\"container\">\n\t\t\t\t<div class=\"elementor-element elementor-element-2b39bee elementor-widget elementor-widget-wp-widget-custom_html\" data-id=\"2b39bee\" data-element_type=\"widget\" data-e-type=\"widget\" data-widget_type=\"wp-widget-custom_html.default\">\n\t\t\t\t<div class=\"elementor-widget-container\">\n\t\t\t\t\t<div class=\"textwidget custom-html-widget\"><table style=\"width:100%\">\r\n<tr class=\"fort\"><th colspan=\"3\">AN\u00c0LISI F\u00cdSICO-QU\u00cdMIQUES<\/th><td>Llindar<br>acceptaci\u00f3<br>M\u00e0xim<\/td><td>Llindar acceptaci\u00f3 M\u00ednim<\/td><\/tr>\r\n\r\n<tr><td>01<\/td><td>Calibrat &gt; 2,5mm<\/td><td>%<\/td><td>85,00<\/td><td>0,00<\/td><\/tr>\r\n<tr><td>02<\/td><td>Calibrat &lt; 2,2mm<\/td><td>%<\/td><td>3,00<\/td><td>0,00<\/td><\/tr>\r\n<tr><td>03<\/td><td>Humitat<\/td><td>%<\/td><td>4,50<\/td><td>3,50<\/td><\/tr>\r\n<tr><td>04<\/td><td>Extracte fi s.s.<\/td><td>%<\/td><td>100,00<\/td><td>84,00<\/td><\/tr>\r\n<tr><td>05<\/td><td>Color EBC<\/td><td>EBC<\/td><td>7,50<\/td><td>3,00<\/td><\/tr>\r\n<tr><td>06<\/td><td>Postcoloraci\u00f3<\/td><td>EBC<\/td><td>9,50<\/td><td>4,00<\/td><\/tr>\r\n<tr><td>07<\/td><td>Poder Diast\u00e0tic<\/td><td>WK<\/td><td>400<\/td><td>250<\/td><\/tr>\r\n<tr><td>08<\/td><td>Prote\u00efna total<\/td><td>%<\/td><td>12,50<\/td><td>10,50<\/td><\/tr>\r\n<tr><td>09<\/td><td>Prote\u00efna soluble<\/td><td>%<\/td><td>5,50<\/td><td>4,00<\/td><\/tr>\r\n<tr><td>10<\/td><td>\u00cdndex de Kolbach<\/td><td>%<\/td><td>44,00<\/td><td>36,00<\/td><\/tr>\r\n<tr><td>11<\/td><td>Viscositat<\/td><td>cP<\/td><td>1,70<\/td><td>0,00<\/td><\/tr>\r\n<tr><td>12<\/td><td>Beta-glucans solubles<\/td><td>ppm<\/td><td>120,00<\/td><td>0,00<\/td><\/tr>\r\n<tr><td>13<\/td><td>Nitrogen amino lliure<\/td><td>ppm<\/td><td>220,00<\/td><td>150,00<\/td><\/tr>\r\n<tr><td>14<\/td><td>Friabilitat<\/td><td>%<\/td><td>90,00<\/td><td>75,00<\/td><\/tr>\r\n<tr><td>15<\/td><td>Grans v\u00edtress<\/td><td>%<\/td><td>3,00<\/td><td>0,00<\/td><\/tr>\r\n\r\n<\/table><\/div>\t\t\t\t<\/div>\n\t\t\t\t<\/div>\n\t\t\t\t<div class=\"elementor-element elementor-element-a8cf6ab elementor-widget elementor-widget-text-editor\" data-id=\"a8cf6ab\" data-element_type=\"widget\" data-e-type=\"widget\" data-widget_type=\"text-editor.default\">\n\t\t\t\t<div class=\"elementor-widget-container\">\n\t\t\t\t\t\t\t\t\t<p><strong>Valors generals mitjans mesurats estadisticament<\/strong><\/p>\t\t\t\t\t\t\t\t<\/div>\n\t\t\t\t<\/div>\n\t\t\t\t<\/div>\n\t\t\t\t\t<\/div>\n\t\t\t\t<\/div>\n\t\t\t\t<\/div>\n\t\t","protected":false},"excerpt":{"rendered":"<p><strong>Atenci\u00f3<\/strong>: cont\u00e9 gluten<\/p>\n","protected":false},"featured_media":1463,"template":"","meta":{"_monsterinsights_skip_tracking":false,"_monsterinsights_sitenote_active":false,"_monsterinsights_sitenote_note":"","_monsterinsights_sitenote_category":0},"product_brand":[],"product_cat":[62],"product_tag":[],"class_list":{"0":"post-1477","1":"product","2":"type-product","3":"status-publish","4":"has-post-thumbnail","6":"product_cat-malta-artesana","8":"first","9":"instock","10":"sale","11":"taxable","12":"shipping-taxable","13":"purchasable","14":"product-type-variable","15":"has-default-attributes"},"yoast_head":"<!-- This site is optimized with the Yoast SEO plugin v27.4 - https:\/\/yoast.com\/product\/yoast-seo-wordpress\/ -->\n<title>Malta Artesana Blat - Malteria Arbequina<\/title>\n<meta name=\"robots\" content=\"index, follow, max-snippet:-1, max-image-preview:large, max-video-preview:-1\" \/>\n<link rel=\"canonical\" href=\"https:\/\/malteriaarbequina.com\/ca\/producte\/malta-artesana-blat\/\" \/>\n<meta property=\"og:locale\" content=\"ca_ES\" \/>\n<meta property=\"og:type\" content=\"article\" \/>\n<meta property=\"og:title\" content=\"Malta Artesana Blat - Malteria Arbequina\" \/>\n<meta property=\"og:description\" content=\"Atenci\u00f3: cont\u00e9 gluten\" \/>\n<meta property=\"og:url\" content=\"https:\/\/malteriaarbequina.com\/ca\/producte\/malta-artesana-blat\/\" \/>\n<meta property=\"og:site_name\" content=\"Malteria Arbequina\" \/>\n<meta property=\"article:modified_time\" content=\"2026-04-29T12:51:30+00:00\" \/>\n<meta property=\"og:image\" content=\"https:\/\/malteriaarbequina.com\/wp-content\/uploads\/2026\/03\/SacBlat.png\" \/>\n\t<meta property=\"og:image:width\" content=\"1146\" \/>\n\t<meta property=\"og:image:height\" content=\"1358\" \/>\n\t<meta property=\"og:image:type\" content=\"image\/png\" \/>\n<meta name=\"twitter:card\" content=\"summary_large_image\" \/>\n<script type=\"application\/ld+json\" class=\"yoast-schema-graph\">{\"@context\":\"https:\\\/\\\/schema.org\",\"@graph\":[{\"@type\":\"WebPage\",\"@id\":\"https:\\\/\\\/malteriaarbequina.com\\\/ca\\\/producte\\\/malta-artesana-blat\\\/\",\"url\":\"https:\\\/\\\/malteriaarbequina.com\\\/ca\\\/producte\\\/malta-artesana-blat\\\/\",\"name\":\"Malta Artesana Blat - Malteria Arbequina\",\"isPartOf\":{\"@id\":\"https:\\\/\\\/malteriaarbequina.com\\\/ca\\\/#website\"},\"primaryImageOfPage\":{\"@id\":\"https:\\\/\\\/malteriaarbequina.com\\\/ca\\\/producte\\\/malta-artesana-blat\\\/#primaryimage\"},\"image\":{\"@id\":\"https:\\\/\\\/malteriaarbequina.com\\\/ca\\\/producte\\\/malta-artesana-blat\\\/#primaryimage\"},\"thumbnailUrl\":\"https:\\\/\\\/malteriaarbequina.com\\\/wp-content\\\/uploads\\\/2026\\\/03\\\/SacBlat.png\",\"datePublished\":\"2026-03-30T05:17:31+00:00\",\"dateModified\":\"2026-04-29T12:51:30+00:00\",\"breadcrumb\":{\"@id\":\"https:\\\/\\\/malteriaarbequina.com\\\/ca\\\/producte\\\/malta-artesana-blat\\\/#breadcrumb\"},\"inLanguage\":\"ca\",\"potentialAction\":[{\"@type\":\"ReadAction\",\"target\":[\"https:\\\/\\\/malteriaarbequina.com\\\/ca\\\/producte\\\/malta-artesana-blat\\\/\"]}]},{\"@type\":\"ImageObject\",\"inLanguage\":\"ca\",\"@id\":\"https:\\\/\\\/malteriaarbequina.com\\\/ca\\\/producte\\\/malta-artesana-blat\\\/#primaryimage\",\"url\":\"https:\\\/\\\/malteriaarbequina.com\\\/wp-content\\\/uploads\\\/2026\\\/03\\\/SacBlat.png\",\"contentUrl\":\"https:\\\/\\\/malteriaarbequina.com\\\/wp-content\\\/uploads\\\/2026\\\/03\\\/SacBlat.png\",\"width\":1146,\"height\":1358},{\"@type\":\"BreadcrumbList\",\"@id\":\"https:\\\/\\\/malteriaarbequina.com\\\/ca\\\/producte\\\/malta-artesana-blat\\\/#breadcrumb\",\"itemListElement\":[{\"@type\":\"ListItem\",\"position\":1,\"name\":\"Portada\",\"item\":\"https:\\\/\\\/malteriaarbequina.com\\\/ca\\\/\"},{\"@type\":\"ListItem\",\"position\":2,\"name\":\"Botiga\",\"item\":\"https:\\\/\\\/malteriaarbequina.com\\\/ca\\\/botiga\\\/\"},{\"@type\":\"ListItem\",\"position\":3,\"name\":\"Malta Artesana Blat\"}]},{\"@type\":\"WebSite\",\"@id\":\"https:\\\/\\\/malteriaarbequina.com\\\/ca\\\/#website\",\"url\":\"https:\\\/\\\/malteriaarbequina.com\\\/ca\\\/\",\"name\":\"Malteria Arbequina\",\"description\":\"Malta artesana para artesanos\",\"publisher\":{\"@id\":\"https:\\\/\\\/malteriaarbequina.com\\\/ca\\\/#organization\"},\"potentialAction\":[{\"@type\":\"SearchAction\",\"target\":{\"@type\":\"EntryPoint\",\"urlTemplate\":\"https:\\\/\\\/malteriaarbequina.com\\\/ca\\\/?s={search_term_string}\"},\"query-input\":{\"@type\":\"PropertyValueSpecification\",\"valueRequired\":true,\"valueName\":\"search_term_string\"}}],\"inLanguage\":\"ca\"},{\"@type\":\"Organization\",\"@id\":\"https:\\\/\\\/malteriaarbequina.com\\\/ca\\\/#organization\",\"name\":\"Malteria Arbequina\",\"url\":\"https:\\\/\\\/malteriaarbequina.com\\\/ca\\\/\",\"logo\":{\"@type\":\"ImageObject\",\"inLanguage\":\"ca\",\"@id\":\"https:\\\/\\\/malteriaarbequina.com\\\/ca\\\/#\\\/schema\\\/logo\\\/image\\\/\",\"url\":\"https:\\\/\\\/malteriaarbequina.com\\\/wp-content\\\/uploads\\\/2025\\\/04\\\/logo-malteria.png\",\"contentUrl\":\"https:\\\/\\\/malteriaarbequina.com\\\/wp-content\\\/uploads\\\/2025\\\/04\\\/logo-malteria.png\",\"width\":1149,\"height\":686,\"caption\":\"Malteria Arbequina\"},\"image\":{\"@id\":\"https:\\\/\\\/malteriaarbequina.com\\\/ca\\\/#\\\/schema\\\/logo\\\/image\\\/\"}}]}<\/script>\n<!-- \/ Yoast SEO plugin. -->","yoast_head_json":{"title":"Malta Artesana Blat - Malteria Arbequina","robots":{"index":"index","follow":"follow","max-snippet":"max-snippet:-1","max-image-preview":"max-image-preview:large","max-video-preview":"max-video-preview:-1"},"canonical":"https:\/\/malteriaarbequina.com\/ca\/producte\/malta-artesana-blat\/","og_locale":"ca_ES","og_type":"article","og_title":"Malta Artesana Blat - Malteria Arbequina","og_description":"Atenci\u00f3: cont\u00e9 gluten","og_url":"https:\/\/malteriaarbequina.com\/ca\/producte\/malta-artesana-blat\/","og_site_name":"Malteria Arbequina","article_modified_time":"2026-04-29T12:51:30+00:00","og_image":[{"width":1146,"height":1358,"url":"https:\/\/malteriaarbequina.com\/wp-content\/uploads\/2026\/03\/SacBlat.png","type":"image\/png"}],"twitter_card":"summary_large_image","schema":{"@context":"https:\/\/schema.org","@graph":[{"@type":"WebPage","@id":"https:\/\/malteriaarbequina.com\/ca\/producte\/malta-artesana-blat\/","url":"https:\/\/malteriaarbequina.com\/ca\/producte\/malta-artesana-blat\/","name":"Malta Artesana Blat - Malteria Arbequina","isPartOf":{"@id":"https:\/\/malteriaarbequina.com\/ca\/#website"},"primaryImageOfPage":{"@id":"https:\/\/malteriaarbequina.com\/ca\/producte\/malta-artesana-blat\/#primaryimage"},"image":{"@id":"https:\/\/malteriaarbequina.com\/ca\/producte\/malta-artesana-blat\/#primaryimage"},"thumbnailUrl":"https:\/\/malteriaarbequina.com\/wp-content\/uploads\/2026\/03\/SacBlat.png","datePublished":"2026-03-30T05:17:31+00:00","dateModified":"2026-04-29T12:51:30+00:00","breadcrumb":{"@id":"https:\/\/malteriaarbequina.com\/ca\/producte\/malta-artesana-blat\/#breadcrumb"},"inLanguage":"ca","potentialAction":[{"@type":"ReadAction","target":["https:\/\/malteriaarbequina.com\/ca\/producte\/malta-artesana-blat\/"]}]},{"@type":"ImageObject","inLanguage":"ca","@id":"https:\/\/malteriaarbequina.com\/ca\/producte\/malta-artesana-blat\/#primaryimage","url":"https:\/\/malteriaarbequina.com\/wp-content\/uploads\/2026\/03\/SacBlat.png","contentUrl":"https:\/\/malteriaarbequina.com\/wp-content\/uploads\/2026\/03\/SacBlat.png","width":1146,"height":1358},{"@type":"BreadcrumbList","@id":"https:\/\/malteriaarbequina.com\/ca\/producte\/malta-artesana-blat\/#breadcrumb","itemListElement":[{"@type":"ListItem","position":1,"name":"Portada","item":"https:\/\/malteriaarbequina.com\/ca\/"},{"@type":"ListItem","position":2,"name":"Botiga","item":"https:\/\/malteriaarbequina.com\/ca\/botiga\/"},{"@type":"ListItem","position":3,"name":"Malta Artesana Blat"}]},{"@type":"WebSite","@id":"https:\/\/malteriaarbequina.com\/ca\/#website","url":"https:\/\/malteriaarbequina.com\/ca\/","name":"Malteria Arbequina","description":"Malta artesana para artesanos","publisher":{"@id":"https:\/\/malteriaarbequina.com\/ca\/#organization"},"potentialAction":[{"@type":"SearchAction","target":{"@type":"EntryPoint","urlTemplate":"https:\/\/malteriaarbequina.com\/ca\/?s={search_term_string}"},"query-input":{"@type":"PropertyValueSpecification","valueRequired":true,"valueName":"search_term_string"}}],"inLanguage":"ca"},{"@type":"Organization","@id":"https:\/\/malteriaarbequina.com\/ca\/#organization","name":"Malteria Arbequina","url":"https:\/\/malteriaarbequina.com\/ca\/","logo":{"@type":"ImageObject","inLanguage":"ca","@id":"https:\/\/malteriaarbequina.com\/ca\/#\/schema\/logo\/image\/","url":"https:\/\/malteriaarbequina.com\/wp-content\/uploads\/2025\/04\/logo-malteria.png","contentUrl":"https:\/\/malteriaarbequina.com\/wp-content\/uploads\/2025\/04\/logo-malteria.png","width":1149,"height":686,"caption":"Malteria Arbequina"},"image":{"@id":"https:\/\/malteriaarbequina.com\/ca\/#\/schema\/logo\/image\/"}}]}},"_links":{"self":[{"href":"https:\/\/malteriaarbequina.com\/ca\/wp-json\/wp\/v2\/product\/1477","targetHints":{"allow":["GET"]}}],"collection":[{"href":"https:\/\/malteriaarbequina.com\/ca\/wp-json\/wp\/v2\/product"}],"about":[{"href":"https:\/\/malteriaarbequina.com\/ca\/wp-json\/wp\/v2\/types\/product"}],"version-history":[{"count":17,"href":"https:\/\/malteriaarbequina.com\/ca\/wp-json\/wp\/v2\/product\/1477\/revisions"}],"predecessor-version":[{"id":1574,"href":"https:\/\/malteriaarbequina.com\/ca\/wp-json\/wp\/v2\/product\/1477\/revisions\/1574"}],"wp:featuredmedia":[{"embeddable":true,"href":"https:\/\/malteriaarbequina.com\/ca\/wp-json\/wp\/v2\/media\/1463"}],"wp:attachment":[{"href":"https:\/\/malteriaarbequina.com\/ca\/wp-json\/wp\/v2\/media?parent=1477"}],"wp:term":[{"taxonomy":"product_brand","embeddable":true,"href":"https:\/\/malteriaarbequina.com\/ca\/wp-json\/wp\/v2\/product_brand?post=1477"},{"taxonomy":"product_cat","embeddable":true,"href":"https:\/\/malteriaarbequina.com\/ca\/wp-json\/wp\/v2\/product_cat?post=1477"},{"taxonomy":"product_tag","embeddable":true,"href":"https:\/\/malteriaarbequina.com\/ca\/wp-json\/wp\/v2\/product_tag?post=1477"}],"curies":[{"name":"wp","href":"https:\/\/api.w.org\/{rel}","templated":true}]}}